{"id":5633,"date":"2020-08-25T08:38:51","date_gmt":"2020-08-25T06:38:51","guid":{"rendered":"https:\/\/colors-of-sun.schopphoven.dev\/room-atmospheres\/room-atmospheres-for-body-work\/"},"modified":"2026-01-30T17:05:05","modified_gmt":"2026-01-30T16:05:05","slug":"room-atmospheres-for-body-work","status":"publish","type":"page","link":"https:\/\/colors-of-sun.de\/en\/room-atmospheres\/room-atmospheres-for-body-work\/","title":{"rendered":"Room atmospheres for body work"},"content":{"rendered":"<div class=\"wpb-content-wrapper\"><p>[vc_row full_width=&#8221;stretch_row&#8221; equal_height=&#8221;yes&#8221; content_placement=&#8221;bottom&#8221; mobile_bg_img_hidden=&#8221;no&#8221; tablet_bg_img_hidden=&#8221;no&#8221; woodmart_parallax=&#8221;0&#8243; woodmart_gradient_switch=&#8221;no&#8221; row_reverse_mobile=&#8221;1&#8243; row_reverse_tablet=&#8221;0&#8243; woodmart_disable_overflow=&#8221;0&#8243; css=&#8221;.vc_custom_1598335685545{margin-bottom: 40px !important;}&#8221; el_id=&#8221;Body Work&#8221;][vc_column width=&#8221;1\/4&#8243; mobile_bg_img_hidden=&#8221;no&#8221; tablet_bg_img_hidden=&#8221;no&#8221; woodmart_parallax=&#8221;0&#8243; woodmart_sticky_column=&#8221;false&#8221; parallax_scroll=&#8221;no&#8221; mobile_reset_margin=&#8221;no&#8221; tablet_reset_margin=&#8221;no&#8221;][vc_custom_heading text=&#8221;conscious body work&#8221; font_container=&#8221;tag:div|text_align:left&#8221; use_theme_fonts=&#8221;yes&#8221; css_animation=&#8221;fadeIn&#8221; el_class=&#8221;cos-subline&#8221;][vc_custom_heading text=&#8221;Room atmospheres for body work&#8221; font_container=&#8221;tag:h1|text_align:left&#8221; use_theme_fonts=&#8221;yes&#8221; css_animation=&#8221;fadeIn&#8221; el_class=&#8221;cos-h1&#8243;][\/vc_column][vc_column width=&#8221;3\/4&#8243; parallax_scroll=&#8221;no&#8221; css=&#8221;.vc_custom_1600946123088{border-top-width: 2px !important;border-right-width: 2px !important;border-bottom-width: 2px !important;border-left-width: 2px !important;background-image: url(https:\/\/colors-of-sun.de\/wp-content\/uploads\/2020\/08\/raumatmosphaere-koerperarbeit.jpeg?id=5626) !important;background-position: center !important;background-repeat: no-repeat !important;background-size: cover !important;border-left-color: #ffffff !important;border-left-style: solid !important;border-right-color: #ffffff !important;border-right-style: solid !important;border-top-color: #ffffff !important;border-top-style: solid !important;border-bottom-color: #ffffff !important;border-bottom-style: solid !important;}&#8221; mobile_bg_img_hidden=&#8221;no&#8221; tablet_bg_img_hidden=&#8221;no&#8221; woodmart_parallax=&#8221;0&#8243; woodmart_sticky_column=&#8221;false&#8221; mobile_reset_margin=&#8221;no&#8221; tablet_reset_margin=&#8221;no&#8221; el_class=&#8221;cos-boxshadow image-spacer&#8221;][\/vc_column][\/vc_row][vc_row full_width=&#8221;stretch_row&#8221; equal_height=&#8221;yes&#8221; mobile_bg_img_hidden=&#8221;no&#8221; tablet_bg_img_hidden=&#8221;no&#8221; woodmart_parallax=&#8221;0&#8243; woodmart_gradient_switch=&#8221;no&#8221; row_reverse_mobile=&#8221;0&#8243; row_reverse_tablet=&#8221;0&#8243; woodmart_disable_overflow=&#8221;0&#8243; css=&#8221;.vc_custom_1584710046365{margin-bottom: 40px !important;}&#8221;][vc_column width=&#8221;1\/3&#8243;][vc_column_text css_animation=&#8221;fadeIn&#8221; css=&#8221;&#8221; text_larger=&#8221;no&#8221; el_class=&#8221;cos-content&#8221; woodmart_inline=&#8221;no&#8221;]This photographic art has a very high radiance in the rooms, which can be perceived as very pleasant and powerful by the participants, especially during bodywork. In institutes for conscious body processes, the sun pictures offer a beautiful basic mood.[\/vc_column_text][\/vc_column][vc_column width=&#8221;1\/3&#8243;][vc_column_text css_animation=&#8221;fadeIn&#8221; css=&#8221;&#8221; text_larger=&#8221;no&#8221; el_class=&#8221;cos-content&#8221; woodmart_inline=&#8221;no&#8221;]The sun has always been at the center of life and is a beautiful inspiration for these spaces where people consciously connect with the power of life. With this radiant photo art, your customers can recharge their batteries during their physical exercises.<\/p>\n<p>[\/vc_column_text][\/vc_column][vc_column width=&#8221;1\/3&#8243;][vc_column_text css_animation=&#8221;fadeIn&#8221; css=&#8221;&#8221; text_larger=&#8221;no&#8221; el_class=&#8221;cos-content&#8221; woodmart_inline=&#8221;no&#8221;]COLORS OF SUN&#8217;s wall murals will meet you and your customers with strength and beauty. Take a look around our store and be inspired by the different image variants. The photo art is available as acrylic pictures, canvas pictures with and without shadow gap frames and LED light boxes. [\/vc_column_text]<div id=\"wd-697cd61996f78\" class=\" wd-rs-697cd61996f78  wd-button-wrapper wd-off-anim wpb_animate_when_almost_visible wpb_fadeInUp fadeInUp wd-anim-name_fadeInUp text-center inline-element\"><a href=\"\/en\/product-category\/acrylic-picture\/\" title=\"Acrylic pictures for body work\" class=\"btn btn-color-primary btn-style-default btn-shape-rectangle btn-size-default cos-link-button\">Acrylic pictures for body work<\/a><\/div><div id=\"wd-697cd63cf23dc\" class=\" wd-rs-697cd63cf23dc  wd-button-wrapper wd-off-anim wpb_animate_when_almost_visible wpb_fadeInUp fadeInUp wd-anim-name_fadeInUp text-center inline-element\"><a href=\"\/en\/product-category\/canvas-picture\/\" title=\"Canvas picture for body work\" class=\"btn btn-color-alt btn-style-default btn-shape-rectangle btn-size-default cos-link-button\">Canvas picture for body work<\/a><\/div>[\/vc_column][\/vc_row][vc_row full_width=&#8221;stretch_row&#8221; equal_height=&#8221;yes&#8221; content_placement=&#8221;bottom&#8221; mobile_bg_img_hidden=&#8221;no&#8221; tablet_bg_img_hidden=&#8221;no&#8221; woodmart_parallax=&#8221;0&#8243; woodmart_gradient_switch=&#8221;no&#8221; row_reverse_mobile=&#8221;1&#8243; row_reverse_tablet=&#8221;0&#8243; woodmart_disable_overflow=&#8221;0&#8243; el_id=&#8221;Body Energy&#8221; css=&#8221;.vc_custom_1600946143965{margin-top: 80px !important;margin-bottom: 40px !important;}&#8221;][vc_column width=&#8221;1\/4&#8243; mobile_bg_img_hidden=&#8221;no&#8221; tablet_bg_img_hidden=&#8221;no&#8221; woodmart_parallax=&#8221;0&#8243; woodmart_sticky_column=&#8221;false&#8221; parallax_scroll=&#8221;no&#8221; mobile_reset_margin=&#8221;no&#8221; tablet_reset_margin=&#8221;no&#8221;][vc_custom_heading text=&#8221;conscious body energy&#8221; font_container=&#8221;tag:div|text_align:left&#8221; use_theme_fonts=&#8221;yes&#8221; css_animation=&#8221;fadeIn&#8221; el_class=&#8221;cos-subline&#8221;][vc_custom_heading text=&#8221;Room atmosphere for body energy&#8221; use_theme_fonts=&#8221;yes&#8221; css_animation=&#8221;fadeIn&#8221; el_class=&#8221;cos-h2&#8243;][\/vc_column][vc_column width=&#8221;3\/4&#8243; woodmart_bg_position=&#8221;center-center&#8221; parallax_scroll=&#8221;no&#8221; css=&#8221;.vc_custom_1600946134529{border-top-width: 2px !important;border-right-width: 2px !important;border-bottom-width: 2px !important;border-left-width: 2px !important;background-image: url(https:\/\/colors-of-sun.de\/wp-content\/uploads\/2020\/08\/raumatmosphaere-raumenergie.jpeg?id=5628) !important;background-position: center !important;background-repeat: no-repeat !important;background-size: cover !important;border-left-color: #ffffff !important;border-left-style: solid !important;border-right-color: #ffffff !important;border-right-style: solid !important;border-top-color: #ffffff !important;border-top-style: solid !important;border-bottom-color: #ffffff !important;border-bottom-style: solid !important;}&#8221; mobile_bg_img_hidden=&#8221;no&#8221; tablet_bg_img_hidden=&#8221;no&#8221; woodmart_parallax=&#8221;0&#8243; woodmart_sticky_column=&#8221;false&#8221; mobile_reset_margin=&#8221;no&#8221; tablet_reset_margin=&#8221;no&#8221; el_class=&#8221;cos-boxshadow image-spacer&#8221;][\/vc_column][\/vc_row][vc_row full_width=&#8221;stretch_row&#8221; equal_height=&#8221;yes&#8221; mobile_bg_img_hidden=&#8221;no&#8221; tablet_bg_img_hidden=&#8221;no&#8221; woodmart_parallax=&#8221;0&#8243; woodmart_gradient_switch=&#8221;no&#8221; row_reverse_mobile=&#8221;0&#8243; row_reverse_tablet=&#8221;0&#8243; woodmart_disable_overflow=&#8221;0&#8243; css=&#8221;.vc_custom_1584710057336{margin-bottom: 40px !important;}&#8221;][vc_column width=&#8221;1\/3&#8243;][vc_column_text css_animation=&#8221;fadeIn&#8221; css=&#8221;&#8221; text_larger=&#8221;no&#8221; el_class=&#8221;cos-content&#8221; woodmart_inline=&#8221;no&#8221;]With COLORS OF SUN murals, you can create a relaxing atmosphere in your rooms. This positive energy for your holistic treatments will benefit your customers. The sun has always been at the center of life and with its great radiance it can be seen as an energy-giving source.<\/p>\n<p>[\/vc_column_text][\/vc_column][vc_column width=&#8221;1\/3&#8243;][vc_column_text css_animation=&#8221;fadeIn&#8221; css=&#8221;&#8221; text_larger=&#8221;no&#8221; el_class=&#8221;cos-content&#8221; woodmart_inline=&#8221;no&#8221;]The aim is to create powerful, lively and joyful room atmospheres. Your employees and customers will be delighted to be able to enjoy a wonderful treatment in this atmosphere. The design of rooms with light and color conveys vitality and joy. Create radiant rooms and use this photographic art as energy images.[\/vc_column_text][\/vc_column][vc_column width=&#8221;1\/3&#8243;][vc_column_text css_animation=&#8221;fadeIn&#8221; css=&#8221;&#8221; text_larger=&#8221;no&#8221; el_class=&#8221;cos-content&#8221; woodmart_inline=&#8221;no&#8221;]You can let these wall murals work their effect on you in our shop as acrylic pictures, canvas pictures and LED light boxes. Perhaps you find one of them particularly inspiring \u2013 then take a little time and simply linger a moment with that picture.[\/vc_column_text]<div id=\"wd-697cd666395f4\" class=\" wd-rs-697cd666395f4  wd-button-wrapper wd-off-anim wpb_animate_when_almost_visible wpb_fadeInUp fadeInUp wd-anim-name_fadeInUp text-center inline-element\"><a href=\"\/en\/product-category\/acrylic-picture\/\" title=\"Acrylic picture for body energy\" class=\"btn btn-color-primary btn-style-default btn-shape-rectangle btn-size-default cos-link-button\">Acrylic picture for body energy<\/a><\/div><div id=\"wd-697cd690f0ce2\" class=\" wd-rs-697cd690f0ce2  wd-button-wrapper wd-off-anim wpb_animate_when_almost_visible wpb_fadeInUp fadeInUp wd-anim-name_fadeInUp text-center inline-element\"><a href=\"\/en\/product-category\/canvas-picture\/\" title=\"Canvas pictures for body energy\" class=\"btn btn-color-alt btn-style-default btn-shape-rectangle btn-size-default cos-link-button\">Canvas pictures for body energy<\/a><\/div>[\/vc_column][\/vc_row]<\/p>\n<\/div>","protected":false},"excerpt":{"rendered":"<p>[vc_row full_width=&#8221;stretch_row&#8221; equal_height=&#8221;yes&#8221; content_placement=&#8221;bottom&#8221; mobile_bg_img_hidden=&#8221;no&#8221; tablet_bg_img_hidden=&#8221;no&#8221; woodmart_parallax=&#8221;0&#8243; woodmart_gradient_switch=&#8221;no&#8221; row_reverse_mobile=&#8221;1&#8243; row_reverse_tablet=&#8221;0&#8243; woodmart_disable_overflow=&#8221;0&#8243; css=&#8221;.vc_custom_1598335685545{margin-bottom: 40px !important;}&#8221; el_id=&#8221;Body Work&#8221;][vc_column width=&#8221;1\/4&#8243; mobile_bg_img_hidden=&#8221;no&#8221; tablet_bg_img_hidden=&#8221;no&#8221; woodmart_parallax=&#8221;0&#8243;<\/p>\n","protected":false},"author":1,"featured_media":0,"parent":2164,"menu_order":3,"comment_status":"closed","ping_status":"closed","template":"","meta":{"slim_seo":{"description":"Raumatmosph\u00e4ren f\u00fcr K\u00f6rperarbeit mit Licht und Farbe erm\u00f6glicht den Menschen diese lebendige Kraft und Harmonie wahrzunehmen und zu nutzen.","title":"Room atmospheres for body work - COLORS OF SUN"},"footnotes":""},"class_list":["post-5633","page","type-page","status-publish","hentry"],"_links":{"self":[{"href":"https:\/\/colors-of-sun.de\/en\/wp-json\/wp\/v2\/pages\/5633","targetHints":{"allow":["GET"]}}],"collection":[{"href":"https:\/\/colors-of-sun.de\/en\/wp-json\/wp\/v2\/pages"}],"about":[{"href":"https:\/\/colors-of-sun.de\/en\/wp-json\/wp\/v2\/types\/page"}],"author":[{"embeddable":true,"href":"https:\/\/colors-of-sun.de\/en\/wp-json\/wp\/v2\/users\/1"}],"replies":[{"embeddable":true,"href":"https:\/\/colors-of-sun.de\/en\/wp-json\/wp\/v2\/comments?post=5633"}],"version-history":[{"count":0,"href":"https:\/\/colors-of-sun.de\/en\/wp-json\/wp\/v2\/pages\/5633\/revisions"}],"up":[{"embeddable":true,"href":"https:\/\/colors-of-sun.de\/en\/wp-json\/wp\/v2\/pages\/2164"}],"wp:attachment":[{"href":"https:\/\/colors-of-sun.de\/en\/wp-json\/wp\/v2\/media?parent=5633"}],"curies":[{"name":"wp","href":"https:\/\/api.w.org\/{rel}","templated":true}]}}