{"id":5427,"date":"2020-08-13T18:27:16","date_gmt":"2020-08-13T16:27:16","guid":{"rendered":"https:\/\/colors-of-sun.schopphoven.dev\/room-atmospheres\/interior-design-for-hotels-2\/"},"modified":"2026-01-30T17:01:20","modified_gmt":"2026-01-30T16:01:20","slug":"interior-design-for-hotels-2","status":"publish","type":"page","link":"https:\/\/colors-of-sun.de\/en\/room-atmospheres\/interior-design-for-hotels-2\/","title":{"rendered":"Interior Design for Hotels"},"content":{"rendered":"<div class=\"wpb-content-wrapper\"><p>[vc_row full_width=&#8221;stretch_row&#8221; equal_height=&#8221;yes&#8221; content_placement=&#8221;bottom&#8221; mobile_bg_img_hidden=&#8221;no&#8221; tablet_bg_img_hidden=&#8221;no&#8221; woodmart_parallax=&#8221;0&#8243; woodmart_gradient_switch=&#8221;no&#8221; row_reverse_mobile=&#8221;1&#8243; row_reverse_tablet=&#8221;0&#8243; woodmart_disable_overflow=&#8221;0&#8243; css=&#8221;.vc_custom_1584709708381{margin-bottom: 40px !important;}&#8221; el_id=&#8221;hotellobby&#8221;][vc_column width=&#8221;1\/4&#8243; mobile_bg_img_hidden=&#8221;no&#8221; tablet_bg_img_hidden=&#8221;no&#8221; woodmart_parallax=&#8221;0&#8243; woodmart_sticky_column=&#8221;false&#8221; parallax_scroll=&#8221;no&#8221; mobile_reset_margin=&#8221;no&#8221; tablet_reset_margin=&#8221;no&#8221;][vc_custom_heading text=&#8221;Photo Art in Hotel Lobby&#8221; font_container=&#8221;tag:div|text_align:left&#8221; use_theme_fonts=&#8221;yes&#8221; css_animation=&#8221;fadeIn&#8221; el_class=&#8221;cos-subline&#8221;][vc_custom_heading text=&#8221;Interior Design for Hotels&#8221; font_container=&#8221;tag:h1|text_align:left&#8221; use_theme_fonts=&#8221;yes&#8221; css_animation=&#8221;fadeIn&#8221; el_class=&#8221;cos-h1&#8243;][\/vc_column][vc_column width=&#8221;3\/4&#8243; parallax_scroll=&#8221;no&#8221; css=&#8221;.vc_custom_1695640470755{border-top-width: 2px !important;border-right-width: 2px !important;border-bottom-width: 2px !important;border-left-width: 2px !important;background-image: url(https:\/\/colors-of-sun.de\/wp-content\/uploads\/2023\/09\/wandbilder-hotellobby.jpg?id=8261) !important;background-position: center !important;background-repeat: no-repeat !important;background-size: cover !important;border-left-color: #ffffff !important;border-left-style: solid !important;border-right-color: #ffffff !important;border-right-style: solid !important;border-top-color: #ffffff !important;border-top-style: solid !important;border-bottom-color: #ffffff !important;border-bottom-style: solid !important;}&#8221; mobile_bg_img_hidden=&#8221;no&#8221; tablet_bg_img_hidden=&#8221;no&#8221; woodmart_parallax=&#8221;0&#8243; woodmart_sticky_column=&#8221;false&#8221; mobile_reset_margin=&#8221;no&#8221; tablet_reset_margin=&#8221;no&#8221; el_class=&#8221;cos-boxshadow image-spacer&#8221; woodmart_css_id=&#8221;65116b5e650cf&#8221; wd_collapsible_content_switcher=&#8221;no&#8221; wd_column_role_offcanvas_desktop=&#8221;no&#8221; wd_column_role_offcanvas_tablet=&#8221;no&#8221; wd_column_role_offcanvas_mobile=&#8221;no&#8221; wd_column_role_content_desktop=&#8221;no&#8221; wd_column_role_content_tablet=&#8221;no&#8221; wd_column_role_content_mobile=&#8221;no&#8221; woodmart_box_shadow=&#8221;no&#8221; responsive_spacing=&#8221;eyJwYXJhbV90eXBlIjoid29vZG1hcnRfcmVzcG9uc2l2ZV9zcGFjaW5nIiwic2VsZWN0b3JfaWQiOiI2NTExNmI1ZTY1MGNmIiwic2hvcnRjb2RlIjoidmNfY29sdW1uIiwiZGF0YSI6eyJ0YWJsZXQiOnt9LCJtb2JpbGUiOnt9fX0=&#8221; wd_z_index=&#8221;no&#8221;][\/vc_column][\/vc_row][vc_row full_width=&#8221;stretch_row&#8221; equal_height=&#8221;yes&#8221; content_placement=&#8221;top&#8221; css=&#8221;.vc_custom_1584709712925{margin-bottom: 40px !important;}&#8221; mobile_bg_img_hidden=&#8221;no&#8221; tablet_bg_img_hidden=&#8221;no&#8221; woodmart_parallax=&#8221;0&#8243; woodmart_gradient_switch=&#8221;no&#8221; row_reverse_mobile=&#8221;0&#8243; row_reverse_tablet=&#8221;0&#8243; woodmart_disable_overflow=&#8221;0&#8243;][vc_column width=&#8221;1\/3&#8243; woodmart_text_align=&#8221;left&#8221; mobile_bg_img_hidden=&#8221;no&#8221; tablet_bg_img_hidden=&#8221;no&#8221; woodmart_parallax=&#8221;0&#8243; woodmart_sticky_column=&#8221;false&#8221; parallax_scroll=&#8221;no&#8221; mobile_reset_margin=&#8221;no&#8221; tablet_reset_margin=&#8221;no&#8221;][vc_column_text css_animation=&#8221;fadeIn&#8221; css=&#8221;&#8221; text_larger=&#8221;no&#8221; el_class=&#8221;cos-content&#8221; woodmart_inline=&#8221;no&#8221;]Hotels specifically rely on modern and light photo art to present a fresh look and relaxed atmosphere. The COLORS OF SUN photo art can be used very easily in all styles. These sun pictures have a natural and powerful effect. Viewing light-filled wall art stimulates positive feelings.[\/vc_column_text][\/vc_column][vc_column width=&#8221;1\/3&#8243; woodmart_text_align=&#8221;left&#8221; mobile_bg_img_hidden=&#8221;no&#8221; tablet_bg_img_hidden=&#8221;no&#8221; woodmart_parallax=&#8221;0&#8243; woodmart_sticky_column=&#8221;false&#8221; parallax_scroll=&#8221;no&#8221; mobile_reset_margin=&#8221;no&#8221; tablet_reset_margin=&#8221;no&#8221;][vc_column_text css_animation=&#8221;fadeIn&#8221; css=&#8221;&#8221; text_larger=&#8221;no&#8221; el_class=&#8221;cos-content&#8221; woodmart_inline=&#8221;no&#8221;]This natural, individual photo art can be perfectly integrated into any room situation to create a special atmosphere. The wide range of motifs, designs and sizes means you have a large selection to choose from.[\/vc_column_text][\/vc_column][vc_column width=&#8221;1\/3&#8243; woodmart_text_align=&#8221;left&#8221; mobile_bg_img_hidden=&#8221;no&#8221; tablet_bg_img_hidden=&#8221;no&#8221; woodmart_parallax=&#8221;0&#8243; woodmart_sticky_column=&#8221;false&#8221; parallax_scroll=&#8221;no&#8221; mobile_reset_margin=&#8221;no&#8221; tablet_reset_margin=&#8221;no&#8221;][vc_column_text css_animation=&#8221;fadeIn&#8221; css=&#8221;&#8221; text_larger=&#8221;no&#8221; el_class=&#8221;cos-content&#8221; woodmart_inline=&#8221;no&#8221;]You can choose between acrylic glass, canvas pictures with or without shadow gap frames and LED light boxes to present these pictures from COLORS OF SUN in your hotel. Take a look around our store and be inspired by these colorful, radiant murals.<br \/>\n[\/vc_column_text]<div id=\"wd-697cd51c070e6\" class=\" wd-rs-697cd51c070e6  wd-button-wrapper wd-off-anim wpb_animate_when_almost_visible wpb_fadeInUp fadeInUp wd-anim-name_fadeInUp text-center inline-element\"><a href=\"\/en\/product-category\/canvas-pictures-with-shadow-gap-frame\/\" title=\"Canvas Pictures with Shadow Gap Frame for Hotels\" class=\"btn btn-color-alt btn-style-default btn-shape-rectangle btn-size-small cos-link-button\">Canvas Pictures with Shadow Gap Frame<\/a><\/div>[\/vc_column][\/vc_row][vc_row full_width=&#8221;stretch_row&#8221; equal_height=&#8221;yes&#8221; content_placement=&#8221;bottom&#8221; mobile_bg_img_hidden=&#8221;no&#8221; tablet_bg_img_hidden=&#8221;no&#8221; woodmart_parallax=&#8221;0&#8243; woodmart_gradient_switch=&#8221;no&#8221; row_reverse_mobile=&#8221;1&#8243; row_reverse_tablet=&#8221;0&#8243; woodmart_disable_overflow=&#8221;0&#8243; css=&#8221;.vc_custom_1584709718133{margin-top: 40px !important;margin-bottom: 40px !important;}&#8221; el_id=&#8221;restaurant&#8221;][vc_column width=&#8221;1\/4&#8243; woodmart_text_align=&#8221;center&#8221; mobile_bg_img_hidden=&#8221;no&#8221; tablet_bg_img_hidden=&#8221;no&#8221; woodmart_parallax=&#8221;0&#8243; woodmart_sticky_column=&#8221;false&#8221; parallax_scroll=&#8221;no&#8221; mobile_reset_margin=&#8221;no&#8221; tablet_reset_margin=&#8221;no&#8221;][vc_custom_heading text=&#8221;Photo Art in Hotel&#8221; font_container=&#8221;tag:div|text_align:left&#8221; use_theme_fonts=&#8221;yes&#8221; css_animation=&#8221;fadeIn&#8221; el_class=&#8221;cos-subline&#8221;][vc_custom_heading text=&#8221;Photo Art in Hotel&#8221; use_theme_fonts=&#8221;yes&#8221; css_animation=&#8221;fadeIn&#8221; el_class=&#8221;cos-h2&#8243;][\/vc_column][vc_column width=&#8221;3\/4&#8243; parallax_scroll=&#8221;no&#8221; css=&#8221;.vc_custom_1600943114206{border-top-width: 2px !important;border-right-width: 2px !important;border-bottom-width: 2px !important;border-left-width: 2px !important;background-image: url(https:\/\/colors-of-sun.de\/wp-content\/uploads\/2020\/04\/wandbilder-fruestueckraum.jpg?id=4429) !important;background-position: center !important;background-repeat: no-repeat !important;background-size: cover !important;border-left-color: #ffffff !important;border-left-style: solid !important;border-right-color: #ffffff !important;border-right-style: solid !important;border-top-color: #ffffff !important;border-top-style: solid !important;border-bottom-color: #ffffff !important;border-bottom-style: solid !important;}&#8221; mobile_bg_img_hidden=&#8221;no&#8221; tablet_bg_img_hidden=&#8221;no&#8221; woodmart_parallax=&#8221;0&#8243; woodmart_sticky_column=&#8221;false&#8221; mobile_reset_margin=&#8221;no&#8221; tablet_reset_margin=&#8221;no&#8221; el_class=&#8221;cos-boxshadow image-spacer&#8221;][\/vc_column][\/vc_row][vc_row full_width=&#8221;stretch_row&#8221; css=&#8221;.vc_custom_1584709725165{margin-bottom: 40px !important;}&#8221; mobile_bg_img_hidden=&#8221;no&#8221; tablet_bg_img_hidden=&#8221;no&#8221; woodmart_parallax=&#8221;0&#8243; woodmart_gradient_switch=&#8221;no&#8221; row_reverse_mobile=&#8221;0&#8243; row_reverse_tablet=&#8221;0&#8243; woodmart_disable_overflow=&#8221;0&#8243;][vc_column width=&#8221;1\/3&#8243; mobile_bg_img_hidden=&#8221;no&#8221; tablet_bg_img_hidden=&#8221;no&#8221; woodmart_parallax=&#8221;0&#8243; woodmart_sticky_column=&#8221;false&#8221; parallax_scroll=&#8221;no&#8221; mobile_reset_margin=&#8221;no&#8221; tablet_reset_margin=&#8221;no&#8221;][vc_column_text css_animation=&#8221;fadeIn&#8221; css=&#8221;&#8221; text_larger=&#8221;no&#8221; el_class=&#8221;cos-content&#8221; woodmart_inline=&#8221;no&#8221;]In the breakfast room, it is important to create a powerful mood for a pleasant start to the day. With COLORS OF SUN murals, your hotel guests will enter a breakfast atmosphere that lifts their spirits.<\/p>\n<p>[\/vc_column_text][\/vc_column][vc_column width=&#8221;1\/3&#8243; mobile_bg_img_hidden=&#8221;no&#8221; tablet_bg_img_hidden=&#8221;no&#8221; woodmart_parallax=&#8221;0&#8243; woodmart_sticky_column=&#8221;false&#8221; parallax_scroll=&#8221;no&#8221; mobile_reset_margin=&#8221;no&#8221; tablet_reset_margin=&#8221;no&#8221;][vc_column_text css_animation=&#8221;fadeIn&#8221; css=&#8221;&#8221; text_larger=&#8221;no&#8221; el_class=&#8221;cos-content&#8221; woodmart_inline=&#8221;no&#8221;]Use this harmonious and powerful photo art for your ambience in the breakfast room &#8211; it will make a positive impression on your guests. The sun is an appealing natural motif that people can easily enjoy.[\/vc_column_text][\/vc_column][vc_column width=&#8221;1\/3&#8243; mobile_bg_img_hidden=&#8221;no&#8221; tablet_bg_img_hidden=&#8221;no&#8221; woodmart_parallax=&#8221;0&#8243; woodmart_sticky_column=&#8221;false&#8221; parallax_scroll=&#8221;no&#8221; mobile_reset_margin=&#8221;no&#8221; tablet_reset_margin=&#8221;no&#8221;][vc_column_text css_animation=&#8221;fadeIn&#8221; css=&#8221;&#8221; text_larger=&#8221;no&#8221; el_class=&#8221;cos-content&#8221; woodmart_inline=&#8221;no&#8221;]There are many different sizes and colors to choose from. You can find inspiration for new or complementary murals in your rooms in our store. [\/vc_column_text]<div id=\"wd-697cd59a09eea\" class=\" wd-rs-697cd59a09eea  wd-button-wrapper wd-off-anim wpb_animate_when_almost_visible wpb_fadeInUp fadeInUp wd-anim-name_fadeInUp text-center inline-element\"><a href=\"\/en\/product-category\/acrylic-picture\/\" title=\"Acrylic pictures for Hotels\" class=\"btn btn-color-primary btn-style-default btn-shape-rectangle btn-size-small cos-link-button\">Acrylic pictures for Hotels<\/a><\/div><div id=\"wd-697cd4e0761f8\" class=\" wd-rs-697cd4e0761f8  wd-button-wrapper wd-off-anim wpb_animate_when_almost_visible wpb_fadeInUp fadeInUp wd-anim-name_fadeInUp text-center inline-element\"><a href=\"\/en\/product-category\/canvas-picture\/\" title=\"Canvas Pictures for Hotels\" class=\"btn btn-color-alt btn-style-default btn-shape-rectangle btn-size-small cos-link-button\">Canvas Pictures for Hotels<\/a><\/div>[\/vc_column][\/vc_row][vc_row full_width=&#8221;stretch_row&#8221; equal_height=&#8221;yes&#8221; content_placement=&#8221;bottom&#8221; woodmart_bg_position=&#8221;center-center&#8221; mobile_bg_img_hidden=&#8221;no&#8221; tablet_bg_img_hidden=&#8221;no&#8221; woodmart_parallax=&#8221;0&#8243; woodmart_gradient_switch=&#8221;no&#8221; row_reverse_mobile=&#8221;1&#8243; row_reverse_tablet=&#8221;0&#8243; woodmart_disable_overflow=&#8221;0&#8243; css=&#8221;.vc_custom_1584709729856{margin-top: 40px !important;margin-bottom: 40px !important;}&#8221; el_id=&#8221;hotelzimmer&#8221;][vc_column width=&#8221;1\/4&#8243; woodmart_bg_position=&#8221;right-center&#8221; mobile_bg_img_hidden=&#8221;no&#8221; tablet_bg_img_hidden=&#8221;no&#8221; woodmart_parallax=&#8221;0&#8243; woodmart_sticky_column=&#8221;false&#8221; parallax_scroll=&#8221;no&#8221; mobile_reset_margin=&#8221;no&#8221; tablet_reset_margin=&#8221;no&#8221;][vc_custom_heading text=&#8221;Photo Art in Hotel Room&#8221; font_container=&#8221;tag:div|text_align:left&#8221; use_theme_fonts=&#8221;yes&#8221; css_animation=&#8221;fadeIn&#8221; el_class=&#8221;cos-subline&#8221;][vc_custom_heading text=&#8221;Wall pictures for the Hotel Room&#8221; use_theme_fonts=&#8221;yes&#8221; css_animation=&#8221;fadeIn&#8221; el_class=&#8221;cos-h2&#8243;][\/vc_column][vc_column width=&#8221;3\/4&#8243; parallax_scroll=&#8221;no&#8221; mobile_bg_img_hidden=&#8221;no&#8221; tablet_bg_img_hidden=&#8221;no&#8221; woodmart_parallax=&#8221;0&#8243; woodmart_sticky_column=&#8221;false&#8221; mobile_reset_margin=&#8221;no&#8221; tablet_reset_margin=&#8221;no&#8221; css=&#8221;.vc_custom_1600943127075{border-top-width: 2px !important;border-right-width: 2px !important;border-bottom-width: 2px !important;border-left-width: 2px !important;background-image: url(https:\/\/colors-of-sun.de\/wp-content\/uploads\/2020\/04\/wandbilder-hotelzimmer.jpg?id=4431) !important;background-position: center !important;background-repeat: no-repeat !important;background-size: cover !important;border-left-color: #ffffff !important;border-left-style: solid !important;border-right-color: #ffffff !important;border-right-style: solid !important;border-top-color: #ffffff !important;border-top-style: solid !important;border-bottom-color: #ffffff !important;border-bottom-style: solid !important;}&#8221; el_class=&#8221;cos-boxshadow image-spacer&#8221;][\/vc_column][\/vc_row][vc_row full_width=&#8221;stretch_row&#8221; equal_height=&#8221;yes&#8221; mobile_bg_img_hidden=&#8221;no&#8221; tablet_bg_img_hidden=&#8221;no&#8221; woodmart_parallax=&#8221;0&#8243; woodmart_gradient_switch=&#8221;no&#8221; row_reverse_mobile=&#8221;0&#8243; row_reverse_tablet=&#8221;0&#8243; woodmart_disable_overflow=&#8221;0&#8243; css=&#8221;.vc_custom_1696082825034{margin-bottom: 40px !important;}&#8221; woodmart_css_id=&#8221;65182b8349678&#8243; responsive_spacing=&#8221;eyJwYXJhbV90eXBlIjoid29vZG1hcnRfcmVzcG9uc2l2ZV9zcGFjaW5nIiwic2VsZWN0b3JfaWQiOiI2NTE4MmI4MzQ5Njc4Iiwic2hvcnRjb2RlIjoidmNfcm93IiwiZGF0YSI6eyJ0YWJsZXQiOnt9LCJtb2JpbGUiOnt9fX0=&#8221; woodmart_box_shadow=&#8221;no&#8221; wd_z_index=&#8221;no&#8221;][vc_column width=&#8221;1\/3&#8243; mobile_bg_img_hidden=&#8221;no&#8221; tablet_bg_img_hidden=&#8221;no&#8221; woodmart_parallax=&#8221;0&#8243; woodmart_sticky_column=&#8221;false&#8221; parallax_scroll=&#8221;no&#8221; mobile_reset_margin=&#8221;no&#8221; tablet_reset_margin=&#8221;no&#8221;][vc_column_text css_animation=&#8221;fadeIn&#8221; css=&#8221;&#8221; text_larger=&#8221;no&#8221; el_class=&#8221;cos-content&#8221; woodmart_inline=&#8221;no&#8221;]The hotel room should always have a relaxing ambience, as this is where your guests expect to feel completely at ease. This applies equally to business people who have to work and to vacationers. Your hotel guests are looking for a room where they can relax.<br \/>\n[\/vc_column_text][\/vc_column][vc_column width=&#8221;1\/3&#8243; mobile_bg_img_hidden=&#8221;no&#8221; tablet_bg_img_hidden=&#8221;no&#8221; woodmart_parallax=&#8221;0&#8243; woodmart_sticky_column=&#8221;false&#8221; parallax_scroll=&#8221;no&#8221; mobile_reset_margin=&#8221;no&#8221; tablet_reset_margin=&#8221;no&#8221;][vc_column_text css_animation=&#8221;fadeIn&#8221; css=&#8221;&#8221; text_larger=&#8221;no&#8221; el_class=&#8221;cos-content&#8221; woodmart_inline=&#8221;no&#8221;]The COLORS OF SUN wall murals with sun motifs radiate a joyful atmosphere. This individual photo art with a wide range of design options for beautiful and light room atmospheres will remain a positive memory for your guests. Even rooms with less natural light can be made a little more appealing with this art.<br \/>\n[\/vc_column_text][\/vc_column][vc_column width=&#8221;1\/3&#8243; mobile_bg_img_hidden=&#8221;no&#8221; tablet_bg_img_hidden=&#8221;no&#8221; woodmart_parallax=&#8221;0&#8243; woodmart_sticky_column=&#8221;false&#8221; parallax_scroll=&#8221;no&#8221; mobile_reset_margin=&#8221;no&#8221; tablet_reset_margin=&#8221;no&#8221; woodmart_css_id=&#8221;65182bc94b437&#8243; wd_collapsible_content_switcher=&#8221;no&#8221; wd_column_role_offcanvas_desktop=&#8221;no&#8221; wd_column_role_offcanvas_tablet=&#8221;no&#8221; wd_column_role_offcanvas_mobile=&#8221;no&#8221; wd_column_role_content_desktop=&#8221;no&#8221; wd_column_role_content_tablet=&#8221;no&#8221; wd_column_role_content_mobile=&#8221;no&#8221; woodmart_box_shadow=&#8221;no&#8221; responsive_spacing=&#8221;eyJwYXJhbV90eXBlIjoid29vZG1hcnRfcmVzcG9uc2l2ZV9zcGFjaW5nIiwic2VsZWN0b3JfaWQiOiI2NTE4MmJjOTRiNDM3Iiwic2hvcnRjb2RlIjoidmNfY29sdW1uIiwiZGF0YSI6eyJ0YWJsZXQiOnt9LCJtb2JpbGUiOnt9fX0=&#8221; wd_z_index=&#8221;no&#8221;][vc_column_text css_animation=&#8221;fadeIn&#8221; css=&#8221;&#8221; text_larger=&#8221;no&#8221; el_class=&#8221;cos-content&#8221; woodmart_inline=&#8221;no&#8221;]The acrylic glass pictures and canvas pictures in different sizes can be easily adapted to the architectural specifications and the diverse processing takes into account every need in interior design. In our store you have the opportunity to take a look at all the products at your leisure.<br \/>\n[\/vc_column_text]<div id=\"wd-697cd4be1d9e5\" class=\" wd-rs-697cd4be1d9e5  wd-button-wrapper wd-off-anim wpb_animate_when_almost_visible wpb_fadeInUp fadeInUp wd-anim-name_fadeInUp text-center inline-element\"><a href=\"\/en\/product-category\/acrylic-picture\/\" title=\"Acrylic pictures for Hotels\" class=\"btn btn-color-primary btn-style-default btn-shape-rectangle btn-size-small cos-link-button\">Acrylic pictures for Hotels<\/a><\/div><div id=\"wd-697cd45022ba6\" class=\" wd-rs-697cd45022ba6  wd-button-wrapper wd-off-anim wpb_animate_when_almost_visible wpb_fadeInUp fadeInUp wd-anim-name_fadeInUp text-center inline-element\"><a href=\"\/en\/product-category\/canvas-picture\/\" title=\"Canvas pictures for Hotels\" class=\"btn btn-color-alt btn-style-default btn-shape-rectangle btn-size-small cos-link-button\">Canvas pictures for Hotels<\/a><\/div>[\/vc_column][\/vc_row][vc_row full_width=&#8221;stretch_row&#8221; equal_height=&#8221;yes&#8221; content_placement=&#8221;bottom&#8221; woodmart_bg_position=&#8221;center-center&#8221; mobile_bg_img_hidden=&#8221;no&#8221; tablet_bg_img_hidden=&#8221;no&#8221; woodmart_parallax=&#8221;0&#8243; woodmart_gradient_switch=&#8221;no&#8221; row_reverse_mobile=&#8221;1&#8243; row_reverse_tablet=&#8221;0&#8243; woodmart_disable_overflow=&#8221;0&#8243; css=&#8221;.vc_custom_1584709741117{margin-top: 40px !important;margin-bottom: 40px !important;}&#8221; el_id=&#8221;wellness&#8221;][vc_column width=&#8221;1\/4&#8243; woodmart_bg_position=&#8221;right-center&#8221; mobile_bg_img_hidden=&#8221;no&#8221; tablet_bg_img_hidden=&#8221;no&#8221; woodmart_parallax=&#8221;0&#8243; woodmart_sticky_column=&#8221;false&#8221; parallax_scroll=&#8221;no&#8221; mobile_reset_margin=&#8221;no&#8221; tablet_reset_margin=&#8221;no&#8221;][vc_custom_heading text=&#8221;Photo art for the Wellness Area&#8221; font_container=&#8221;tag:div|text_align:left&#8221; use_theme_fonts=&#8221;yes&#8221; css_animation=&#8221;fadeIn&#8221; el_class=&#8221;cos-subline&#8221;][vc_custom_heading text=&#8221;Facial and Body Treatment&#8221; use_theme_fonts=&#8221;yes&#8221; css_animation=&#8221;fadeIn&#8221; el_class=&#8221;cos-h2&#8243;][\/vc_column][vc_column width=&#8221;3\/4&#8243; parallax_scroll=&#8221;no&#8221; mobile_bg_img_hidden=&#8221;no&#8221; tablet_bg_img_hidden=&#8221;no&#8221; woodmart_parallax=&#8221;0&#8243; woodmart_sticky_column=&#8221;false&#8221; mobile_reset_margin=&#8221;no&#8221; tablet_reset_margin=&#8221;no&#8221; css=&#8221;.vc_custom_1600943139312{border-top-width: 2px !important;border-right-width: 2px !important;border-bottom-width: 2px !important;border-left-width: 2px !important;background-image: url(https:\/\/colors-of-sun.de\/wp-content\/uploads\/2020\/05\/acrylglasbild-wellnessbereich.jpg?id=4822) !important;background-position: center !important;background-repeat: no-repeat !important;background-size: cover !important;border-left-color: #ffffff !important;border-left-style: solid !important;border-right-color: #ffffff !important;border-right-style: solid !important;border-top-color: #ffffff !important;border-top-style: solid !important;border-bottom-color: #ffffff !important;border-bottom-style: solid !important;}&#8221; el_class=&#8221;cos-boxshadow image-spacer&#8221;][\/vc_column][\/vc_row][vc_row full_width=&#8221;stretch_row&#8221; equal_height=&#8221;yes&#8221; mobile_bg_img_hidden=&#8221;no&#8221; tablet_bg_img_hidden=&#8221;no&#8221; woodmart_parallax=&#8221;0&#8243; woodmart_gradient_switch=&#8221;no&#8221; row_reverse_mobile=&#8221;0&#8243; row_reverse_tablet=&#8221;0&#8243; woodmart_disable_overflow=&#8221;0&#8243; css=&#8221;.vc_custom_1584709747617{margin-bottom: 40px !important;}&#8221;][vc_column width=&#8221;1\/3&#8243; mobile_bg_img_hidden=&#8221;no&#8221; tablet_bg_img_hidden=&#8221;no&#8221; woodmart_parallax=&#8221;0&#8243; woodmart_sticky_column=&#8221;false&#8221; parallax_scroll=&#8221;no&#8221; mobile_reset_margin=&#8221;no&#8221; tablet_reset_margin=&#8221;no&#8221;][vc_column_text css_animation=&#8221;fadeIn&#8221; css=&#8221;&#8221; text_larger=&#8221;no&#8221; el_class=&#8221;cos-content&#8221; woodmart_inline=&#8221;no&#8221;]The exclusive finish of the photo art and the harmonious effect of these murals create an inviting ambience in every area of your hotel. In the wellness area, the sun pictures are a welcome design feature. The beauty and body treatment rooms are sometimes smaller rooms with little light, so a sun picture can have a wonderful balancing effect.[\/vc_column_text][\/vc_column][vc_column width=&#8221;1\/3&#8243; mobile_bg_img_hidden=&#8221;no&#8221; tablet_bg_img_hidden=&#8221;no&#8221; woodmart_parallax=&#8221;0&#8243; woodmart_sticky_column=&#8221;false&#8221; parallax_scroll=&#8221;no&#8221; mobile_reset_margin=&#8221;no&#8221; tablet_reset_margin=&#8221;no&#8221;][vc_column_text css_animation=&#8221;fadeIn&#8221; css=&#8221;&#8221; text_larger=&#8221;no&#8221; el_class=&#8221;cos-content&#8221; woodmart_inline=&#8221;no&#8221;]Your guests will enthusiastically approve of these light sources and feel completely at ease and even more relaxed. Wellness travelers are specifically looking for balanced room atmospheres. The guests&#8217; expectation for high-quality treatments is that these encounters should feel good all round for body, soul and spirit. The sun images are particularly appealing in this respect.[\/vc_column_text][\/vc_column][vc_column width=&#8221;1\/3&#8243; mobile_bg_img_hidden=&#8221;no&#8221; tablet_bg_img_hidden=&#8221;no&#8221; woodmart_parallax=&#8221;0&#8243; woodmart_sticky_column=&#8221;false&#8221; parallax_scroll=&#8221;no&#8221; mobile_reset_margin=&#8221;no&#8221; tablet_reset_margin=&#8221;no&#8221;][vc_column_text css_animation=&#8221;fadeIn&#8221; css=&#8221;&#8221; text_larger=&#8221;no&#8221; el_class=&#8221;cos-content&#8221; woodmart_inline=&#8221;no&#8221;]The representative processing and motifs of the pictures fit perfectly into the wellness area of your hotel. Visit our store to see these pictures for yourself and take a look at the many finishes and design options.[\/vc_column_text]<div id=\"wd-697cd3e8bdb0c\" class=\" wd-rs-697cd3e8bdb0c  wd-button-wrapper wd-off-anim wpb_animate_when_almost_visible wpb_fadeInUp fadeInUp wd-anim-name_fadeInUp text-center inline-element\"><a href=\"\/en\/product-category\/acrylic-picture\/\" title=\"Acrylic picture for Wellness Areas\" class=\"btn btn-color-primary btn-style-default btn-shape-rectangle btn-size-default cos-link-button\">Acrylic picture for Wellness Areas<\/a><\/div><div id=\"wd-697cd3ff3eefb\" class=\" wd-rs-697cd3ff3eefb  wd-button-wrapper wd-off-anim wpb_animate_when_almost_visible wpb_fadeInUp fadeInUp wd-anim-name_fadeInUp text-center inline-element\"><a href=\"\/en\/product-category\/canvas-picture\/\" title=\"Canvas pictures for wellness areas\" class=\"btn btn-color-alt btn-style-default btn-shape-rectangle btn-size-default cos-link-button\">Canvas pictures for Wellness Areas<\/a><\/div>[\/vc_column][\/vc_row]<\/p>\n<\/div>","protected":false},"excerpt":{"rendered":"<p>[vc_row full_width=&#8221;stretch_row&#8221; equal_height=&#8221;yes&#8221; content_placement=&#8221;bottom&#8221; mobile_bg_img_hidden=&#8221;no&#8221; tablet_bg_img_hidden=&#8221;no&#8221; woodmart_parallax=&#8221;0&#8243; woodmart_gradient_switch=&#8221;no&#8221; row_reverse_mobile=&#8221;1&#8243; row_reverse_tablet=&#8221;0&#8243; woodmart_disable_overflow=&#8221;0&#8243; css=&#8221;.vc_custom_1584709708381{margin-bottom: 40px !important;}&#8221; el_id=&#8221;hotellobby&#8221;][vc_column width=&#8221;1\/4&#8243; mobile_bg_img_hidden=&#8221;no&#8221; tablet_bg_img_hidden=&#8221;no&#8221; woodmart_parallax=&#8221;0&#8243; woodmart_sticky_column=&#8221;false&#8221;<\/p>\n","protected":false},"author":1,"featured_media":1469,"parent":2164,"menu_order":2,"comment_status":"closed","ping_status":"closed","template":"","meta":{"slim_seo":{"description":"Unsere Raumgestaltung f\u00fcr Hotels und Wellnessbereiche ber\u00fchrt ihre G\u00e4ste und vermittelt Entspannung. Erh\u00e4ltlich als Leinwandbilder oder Acrylglasbilder.","title":"Interior Design for Hotels - COLORS OF SUN"},"footnotes":""},"class_list":["post-5427","page","type-page","status-publish","has-post-thumbnail","hentry"],"_links":{"self":[{"href":"https:\/\/colors-of-sun.de\/en\/wp-json\/wp\/v2\/pages\/5427","targetHints":{"allow":["GET"]}}],"collection":[{"href":"https:\/\/colors-of-sun.de\/en\/wp-json\/wp\/v2\/pages"}],"about":[{"href":"https:\/\/colors-of-sun.de\/en\/wp-json\/wp\/v2\/types\/page"}],"author":[{"embeddable":true,"href":"https:\/\/colors-of-sun.de\/en\/wp-json\/wp\/v2\/users\/1"}],"replies":[{"embeddable":true,"href":"https:\/\/colors-of-sun.de\/en\/wp-json\/wp\/v2\/comments?post=5427"}],"version-history":[{"count":0,"href":"https:\/\/colors-of-sun.de\/en\/wp-json\/wp\/v2\/pages\/5427\/revisions"}],"up":[{"embeddable":true,"href":"https:\/\/colors-of-sun.de\/en\/wp-json\/wp\/v2\/pages\/2164"}],"wp:featuredmedia":[{"embeddable":true,"href":"https:\/\/colors-of-sun.de\/en\/wp-json\/wp\/v2\/media\/1469"}],"wp:attachment":[{"href":"https:\/\/colors-of-sun.de\/en\/wp-json\/wp\/v2\/media?parent=5427"}],"curies":[{"name":"wp","href":"https:\/\/api.w.org\/{rel}","templated":true}]}}