{"id":2164,"date":"2020-03-15T14:30:43","date_gmt":"2020-03-15T13:30:43","guid":{"rendered":"https:\/\/colors-of-sun.schopphoven.dev\/gallery\/"},"modified":"2026-01-30T16:40:35","modified_gmt":"2026-01-30T15:40:35","slug":"room-atmospheres","status":"publish","type":"page","link":"https:\/\/colors-of-sun.de\/en\/room-atmospheres\/","title":{"rendered":"Room Atmospheres"},"content":{"rendered":"<div class=\"wpb-content-wrapper\"><p>[vc_row full_width=&#8221;stretch_row&#8221; mobile_bg_img_hidden=&#8221;no&#8221; tablet_bg_img_hidden=&#8221;no&#8221; woodmart_parallax=&#8221;0&#8243; woodmart_gradient_switch=&#8221;no&#8221; row_reverse_mobile=&#8221;0&#8243; row_reverse_tablet=&#8221;0&#8243; woodmart_disable_overflow=&#8221;0&#8243; css=&#8221;.vc_custom_1584709437261{margin-bottom: 40px !important;padding-top: 80px !important;}&#8221; el_id=&#8221;galerie&#8221; el_class=&#8221;cos-margin-reset&#8221;][vc_column][vc_custom_heading text=&#8221;Touching room atmospheres through photo art&#8221; font_container=&#8221;tag:h1|text_align:left&#8221; use_theme_fonts=&#8221;yes&#8221; css_animation=&#8221;fadeIn&#8221; css=&#8221;&#8221; el_class=&#8221;cos-h1&#8243;][vc_column_text css_animation=&#8221;fadeIn&#8221; css=&#8221;&#8221; text_larger=&#8221;no&#8221; el_class=&#8221;cos-content&#8221; woodmart_inline=&#8221;no&#8221;]Discover in our room settings how the unique photographic art of COLORS OF SUN fills spaces with light and color, making them truly shine.<br \/>\nThese modern sun-inspired artworks create distinctive atmospheres and bring a visibly positive energy to living and working environments. Be inspired by luminous photographic art \u2014 because light and color transform everything: ambiance, mood, and quality of life.[\/vc_column_text][\/vc_column][\/vc_row][vc_row full_width=&#8221;stretch_row&#8221; mobile_bg_img_hidden=&#8221;no&#8221; tablet_bg_img_hidden=&#8221;no&#8221; woodmart_parallax=&#8221;0&#8243; woodmart_gradient_switch=&#8221;no&#8221; row_reverse_mobile=&#8221;0&#8243; row_reverse_tablet=&#8221;0&#8243; woodmart_disable_overflow=&#8221;0&#8243; el_class=&#8221;cos-margin-reset&#8221;][vc_column width=&#8221;1\/2&#8243; horizontal_alignment=&#8221;eyJkZXZpY2VzIjp7ImRlc2t0b3AiOnsidmFsdWUiOiJjZW50ZXIifSwidGFibGV0Ijp7InZhbHVlIjoiIn0sIm1vYmlsZSI6eyJ2YWx1ZSI6IiJ9fX0=&#8221; css=&#8221;.vc_custom_1762256198495{margin-bottom: 40px !important;padding-bottom: 0px !important;}&#8221; mobile_bg_img_hidden=&#8221;no&#8221; tablet_bg_img_hidden=&#8221;no&#8221; woodmart_parallax=&#8221;0&#8243; woodmart_sticky_column=&#8221;false&#8221; parallax_scroll=&#8221;no&#8221; mobile_reset_margin=&#8221;no&#8221; tablet_reset_margin=&#8221;no&#8221; woodmart_css_id=&#8221;6909e5390fb58&#8243; wd_collapsible_content_switcher=&#8221;no&#8221; wd_column_role_offcanvas_desktop=&#8221;no&#8221; wd_column_role_offcanvas_tablet=&#8221;no&#8221; wd_column_role_offcanvas_mobile=&#8221;no&#8221; wd_column_role_content_desktop=&#8221;no&#8221; wd_column_role_content_tablet=&#8221;no&#8221; wd_column_role_content_mobile=&#8221;no&#8221; woodmart_box_shadow=&#8221;no&#8221; responsive_spacing=&#8221;eyJwYXJhbV90eXBlIjoid29vZG1hcnRfcmVzcG9uc2l2ZV9zcGFjaW5nIiwic2VsZWN0b3JfaWQiOiI2OTA5ZTUzOTBmYjU4Iiwic2hvcnRjb2RlIjoidmNfY29sdW1uIiwiZGF0YSI6eyJ0YWJsZXQiOnt9LCJtb2JpbGUiOnt9fX0=&#8221; wd_z_index=&#8221;no&#8221;][vc_single_image image=&#8221;9535&#8243; img_size=&#8221;full&#8221; alignment=&#8221;center&#8221; onclick=&#8221;custom_link&#8221; css_animation=&#8221;fadeIn&#8221; css=&#8221;.vc_custom_1762781703103{border-top-width: 2px !important;border-right-width: 2px !important;border-bottom-width: 2px !important;border-left-width: 2px !important;border-left-style: solid !important;border-right-style: solid !important;border-top-style: solid !important;border-bottom-style: solid !important;border-color: #ffffff !important;}&#8221; el_class=&#8221;cos-boxshadow&#8221; parallax_scroll=&#8221;no&#8221; link=&#8221;https:\/\/colors-of-sun.de\/en\/room-atmospheres\/photography-in-living-spaces\/&#8221; woodmart_inline=&#8221;no&#8221;][vc_custom_heading text=&#8221;Wandbilder f\u00fcr Zuhause&#8221; font_container=&#8221;tag:h2|text_align:center&#8221; use_theme_fonts=&#8221;yes&#8221; css_animation=&#8221;fadeIn&#8221; css=&#8221;&#8221; el_class=&#8221;raumatmosphaeren&#8221; link=&#8221;url:https%3A%2F%2Fcolors-of-sun.de%2Fen%2Froom-atmospheres%2Fphotography-in-living-spaces%2F|title:Wandbilder%20f%C3%BCr%20Zuhause|&#8221;]<div id=\"wd-6909e59dcacb5\" class=\" wd-rs-6909e59dcacb5  wd-button-wrapper wd-off-anim wpb_animate_when_almost_visible wpb_fadeInUp fadeInUp wd-anim-name_fadeInUp text-center inline-element\"><a href=\"https:\/\/colors-of-sun.de\/en\/room-atmospheres\/photography-in-living-spaces\/\" title=\"Wandbilder f\u00fcr Zuhause\" class=\"btn btn-color-primary btn-style-default btn-shape-semi-round btn-size-small\">More Info<\/a><\/div>[\/vc_column][vc_column width=&#8221;1\/2&#8243; horizontal_alignment=&#8221;eyJkZXZpY2VzIjp7ImRlc2t0b3AiOnsidmFsdWUiOiJjZW50ZXIifSwidGFibGV0Ijp7InZhbHVlIjoiIn0sIm1vYmlsZSI6eyJ2YWx1ZSI6IiJ9fX0=&#8221; css=&#8221;.vc_custom_1762256541885{margin-bottom: 40px !important;}&#8221; mobile_bg_img_hidden=&#8221;no&#8221; tablet_bg_img_hidden=&#8221;no&#8221; woodmart_parallax=&#8221;0&#8243; woodmart_sticky_column=&#8221;false&#8221; parallax_scroll=&#8221;no&#8221; mobile_reset_margin=&#8221;no&#8221; tablet_reset_margin=&#8221;no&#8221; woodmart_css_id=&#8221;6909e694d6747&#8243; wd_collapsible_content_switcher=&#8221;no&#8221; wd_column_role_offcanvas_desktop=&#8221;no&#8221; wd_column_role_offcanvas_tablet=&#8221;no&#8221; wd_column_role_offcanvas_mobile=&#8221;no&#8221; wd_column_role_content_desktop=&#8221;no&#8221; wd_column_role_content_tablet=&#8221;no&#8221; wd_column_role_content_mobile=&#8221;no&#8221; woodmart_box_shadow=&#8221;no&#8221; responsive_spacing=&#8221;eyJwYXJhbV90eXBlIjoid29vZG1hcnRfcmVzcG9uc2l2ZV9zcGFjaW5nIiwic2VsZWN0b3JfaWQiOiI2OTA5ZTY5NGQ2NzQ3Iiwic2hvcnRjb2RlIjoidmNfY29sdW1uIiwiZGF0YSI6eyJ0YWJsZXQiOnt9LCJtb2JpbGUiOnt9fX0=&#8221; wd_z_index=&#8221;no&#8221;][vc_single_image image=&#8221;1457&#8243; img_size=&#8221;full&#8221; alignment=&#8221;center&#8221; onclick=&#8221;custom_link&#8221; css_animation=&#8221;fadeIn&#8221; css=&#8221;.vc_custom_1597599170624{border-top-width: 2px !important;border-right-width: 2px !important;border-bottom-width: 2px !important;border-left-width: 2px !important;border-left-color: #ffffff !important;border-left-style: solid !important;border-right-color: #ffffff !important;border-right-style: solid !important;border-top-color: #ffffff !important;border-top-style: solid !important;border-bottom-color: #ffffff !important;border-bottom-style: solid !important;}&#8221; el_class=&#8221;cos-boxshadow&#8221; parallax_scroll=&#8221;no&#8221; link=&#8221;https:\/\/colors-of-sun.de\/en\/room-atmospheres\/motivation-picture-for-the-office\/&#8221;][vc_custom_heading text=&#8221;Motivation pictures for Offices&#8221; font_container=&#8221;tag:h2|text_align:center&#8221; use_theme_fonts=&#8221;yes&#8221; css_animation=&#8221;fadeIn&#8221; css=&#8221;&#8221; el_class=&#8221;raumatmosphaeren&#8221; link=&#8221;url:https%3A%2F%2Fcolors-of-sun.de%2Fen%2Froom-atmospheres%2Fmotivation-picture-for-the-office%2F|title:Motivationsbilder%20f%C3%BCr%20das%20B%C3%BCro|&#8221;]<div id=\"wd-6909e57e02918\" class=\" wd-rs-6909e57e02918  wd-button-wrapper wd-off-anim wpb_animate_when_almost_visible wpb_fadeInUp fadeInUp wd-anim-name_fadeInUp text-center inline-element\"><a href=\"https:\/\/colors-of-sun.de\/en\/room-atmospheres\/motivation-picture-for-the-office\/\" title=\"Motivationsbilder f\u00fcr das B\u00fcro\" class=\"btn btn-color-primary btn-style-default btn-shape-semi-round btn-size-small\">More Info<\/a><\/div>[\/vc_column][\/vc_row][vc_row full_width=&#8221;stretch_row&#8221; equal_height=&#8221;yes&#8221; css_animation=&#8221;fadeInUp&#8221; mobile_bg_img_hidden=&#8221;no&#8221; tablet_bg_img_hidden=&#8221;no&#8221; woodmart_parallax=&#8221;0&#8243; woodmart_gradient_switch=&#8221;no&#8221; row_reverse_mobile=&#8221;0&#8243; row_reverse_tablet=&#8221;0&#8243; woodmart_disable_overflow=&#8221;0&#8243; css=&#8221;.vc_custom_1598346345190{margin-top: 40px !important;margin-bottom: 40px !important;}&#8221; el_class=&#8221;cos-margin-reset&#8221;][vc_column width=&#8221;1\/2&#8243; horizontal_alignment=&#8221;eyJkZXZpY2VzIjp7ImRlc2t0b3AiOnsidmFsdWUiOiJjZW50ZXIifSwidGFibGV0Ijp7InZhbHVlIjoiIn0sIm1vYmlsZSI6eyJ2YWx1ZSI6IiJ9fX0=&#8221; css=&#8221;.vc_custom_1762256362058{margin-bottom: 40px !important;}&#8221; mobile_bg_img_hidden=&#8221;no&#8221; tablet_bg_img_hidden=&#8221;no&#8221; woodmart_parallax=&#8221;0&#8243; woodmart_sticky_column=&#8221;false&#8221; parallax_scroll=&#8221;no&#8221; mobile_reset_margin=&#8221;no&#8221; tablet_reset_margin=&#8221;no&#8221; woodmart_css_id=&#8221;6909e5e6858ff&#8221; wd_collapsible_content_switcher=&#8221;no&#8221; wd_column_role_offcanvas_desktop=&#8221;no&#8221; wd_column_role_offcanvas_tablet=&#8221;no&#8221; wd_column_role_offcanvas_mobile=&#8221;no&#8221; wd_column_role_content_desktop=&#8221;no&#8221; wd_column_role_content_tablet=&#8221;no&#8221; wd_column_role_content_mobile=&#8221;no&#8221; woodmart_box_shadow=&#8221;no&#8221; responsive_spacing=&#8221;eyJwYXJhbV90eXBlIjoid29vZG1hcnRfcmVzcG9uc2l2ZV9zcGFjaW5nIiwic2VsZWN0b3JfaWQiOiI2OTA5ZTVlNjg1OGZmIiwic2hvcnRjb2RlIjoidmNfY29sdW1uIiwiZGF0YSI6eyJ0YWJsZXQiOnt9LCJtb2JpbGUiOnt9fX0=&#8221; wd_z_index=&#8221;no&#8221;][vc_single_image image=&#8221;8262&#8243; img_size=&#8221;full&#8221; alignment=&#8221;center&#8221; onclick=&#8221;custom_link&#8221; css_animation=&#8221;fadeIn&#8221; css=&#8221;.vc_custom_1695639165708{border-top-width: 2px !important;border-right-width: 2px !important;border-bottom-width: 2px !important;border-left-width: 2px !important;border-left-color: #ffffff !important;border-left-style: solid !important;border-right-color: #ffffff !important;border-right-style: solid !important;border-top-color: #ffffff !important;border-top-style: solid !important;border-bottom-color: #ffffff !important;border-bottom-style: solid !important;}&#8221; el_class=&#8221;cos-boxshadow&#8221; parallax_scroll=&#8221;no&#8221; link=&#8221;https:\/\/colors-of-sun.de\/en\/room-atmospheres\/interior-design-for-hotels-2\/&#8221; woodmart_inline=&#8221;no&#8221;][vc_custom_heading text=&#8221;Wall Pictures for Hotels and Wellness&#8221; font_container=&#8221;tag:h2|text_align:center&#8221; use_theme_fonts=&#8221;yes&#8221; css_animation=&#8221;fadeIn&#8221; css=&#8221;&#8221; el_class=&#8221;raumatmosphaeren&#8221; link=&#8221;url:https%3A%2F%2Fcolors-of-sun.de%2Fen%2Froom-atmospheres%2Finterior-design-for-hotels-2%2F|title:Raumgestaltung%20f%C3%BCr%20Hotel%20und%20Wellness|&#8221;]<div id=\"wd-6909e65530c03\" class=\" wd-rs-6909e65530c03  wd-button-wrapper wd-off-anim wpb_animate_when_almost_visible wpb_fadeInUp fadeInUp wd-anim-name_fadeInUp text-center inline-element\"><a href=\"https:\/\/colors-of-sun.de\/en\/room-atmospheres\/interior-design-for-hotels-2\/\" title=\"Wandbilder f\u00fcr Hotel und Wellness\" class=\"btn btn-color-primary btn-style-default btn-shape-semi-round btn-size-small\">More Info<\/a><\/div>[\/vc_column][vc_column width=&#8221;1\/2&#8243; horizontal_alignment=&#8221;eyJkZXZpY2VzIjp7ImRlc2t0b3AiOnsidmFsdWUiOiJjZW50ZXIifSwidGFibGV0Ijp7InZhbHVlIjoiIn0sIm1vYmlsZSI6eyJ2YWx1ZSI6IiJ9fX0=&#8221; css=&#8221;.vc_custom_1762256403727{margin-bottom: 40px !important;}&#8221; mobile_bg_img_hidden=&#8221;no&#8221; tablet_bg_img_hidden=&#8221;no&#8221; woodmart_parallax=&#8221;0&#8243; woodmart_sticky_column=&#8221;false&#8221; parallax_scroll=&#8221;no&#8221; mobile_reset_margin=&#8221;no&#8221; tablet_reset_margin=&#8221;no&#8221; woodmart_css_id=&#8221;6909e61008b17&#8243; wd_collapsible_content_switcher=&#8221;no&#8221; wd_column_role_offcanvas_desktop=&#8221;no&#8221; wd_column_role_offcanvas_tablet=&#8221;no&#8221; wd_column_role_offcanvas_mobile=&#8221;no&#8221; wd_column_role_content_desktop=&#8221;no&#8221; wd_column_role_content_tablet=&#8221;no&#8221; wd_column_role_content_mobile=&#8221;no&#8221; woodmart_box_shadow=&#8221;no&#8221; responsive_spacing=&#8221;eyJwYXJhbV90eXBlIjoid29vZG1hcnRfcmVzcG9uc2l2ZV9zcGFjaW5nIiwic2VsZWN0b3JfaWQiOiI2OTA5ZTYxMDA4YjE3Iiwic2hvcnRjb2RlIjoidmNfY29sdW1uIiwiZGF0YSI6eyJ0YWJsZXQiOnt9LCJtb2JpbGUiOnt9fX0=&#8221; wd_z_index=&#8221;no&#8221;][vc_single_image image=&#8221;5627&#8243; img_size=&#8221;full&#8221; alignment=&#8221;center&#8221; onclick=&#8221;custom_link&#8221; css_animation=&#8221;fadeIn&#8221; css=&#8221;.vc_custom_1598346166353{border-top-width: 2px !important;border-right-width: 2px !important;border-bottom-width: 2px !important;border-left-width: 2px !important;border-left-color: #ffffff !important;border-left-style: solid !important;border-right-color: #ffffff !important;border-right-style: solid !important;border-top-color: #ffffff !important;border-top-style: solid !important;border-bottom-color: #ffffff !important;border-bottom-style: solid !important;}&#8221; el_class=&#8221;cos-boxshadow&#8221; parallax_scroll=&#8221;no&#8221; link=&#8221;https:\/\/colors-of-sun.de\/en\/room-atmospheres\/room-atmospheres-for-body-work\/&#8221;][vc_custom_heading text=&#8221;Wall pictures for body work&#8221; font_container=&#8221;tag:h2|text_align:center&#8221; use_theme_fonts=&#8221;yes&#8221; css_animation=&#8221;fadeIn&#8221; css=&#8221;&#8221; el_class=&#8221;raumatmosphaeren&#8221; link=&#8221;url:https%3A%2F%2Fcolors-of-sun.de%2Fen%2Froom-atmospheres%2Froom-atmospheres-for-body-work%2F|title:Wandbilder%20f%C3%BCr%20K%C3%B6rperarbeiten|&#8221;]<div id=\"wd-6909e68131605\" class=\" wd-rs-6909e68131605  wd-button-wrapper wd-off-anim wpb_animate_when_almost_visible wpb_fadeInUp fadeInUp wd-anim-name_fadeInUp text-center inline-element\"><a href=\"https:\/\/colors-of-sun.de\/en\/room-atmospheres\/room-atmospheres-for-body-work\/\" title=\"Wandbilder f\u00fcr K\u00f6rperarbeiten\" class=\"btn btn-color-primary btn-style-default btn-shape-semi-round btn-size-small\">More Info<\/a><\/div>[\/vc_column][\/vc_row][vc_row full_width=&#8221;stretch_row&#8221; equal_height=&#8221;yes&#8221; css_animation=&#8221;fadeInUp&#8221; mobile_bg_img_hidden=&#8221;no&#8221; tablet_bg_img_hidden=&#8221;no&#8221; woodmart_parallax=&#8221;0&#8243; woodmart_gradient_switch=&#8221;no&#8221; row_reverse_mobile=&#8221;0&#8243; row_reverse_tablet=&#8221;0&#8243; woodmart_disable_overflow=&#8221;0&#8243; css=&#8221;.vc_custom_1598346356911{margin-top: 40px !important;margin-bottom: 40px !important;}&#8221; el_class=&#8221;cos-margin-reset&#8221;][vc_column width=&#8221;1\/2&#8243; horizontal_alignment=&#8221;eyJkZXZpY2VzIjp7ImRlc2t0b3AiOnsidmFsdWUiOiJjZW50ZXIifSwidGFibGV0Ijp7InZhbHVlIjoiIn0sIm1vYmlsZSI6eyJ2YWx1ZSI6IiJ9fX0=&#8221; css=&#8221;.vc_custom_1762256353432{margin-bottom: 40px !important;}&#8221; mobile_bg_img_hidden=&#8221;no&#8221; tablet_bg_img_hidden=&#8221;no&#8221; woodmart_parallax=&#8221;0&#8243; woodmart_sticky_column=&#8221;false&#8221; parallax_scroll=&#8221;no&#8221; mobile_reset_margin=&#8221;no&#8221; tablet_reset_margin=&#8221;no&#8221; woodmart_css_id=&#8221;6909e5dd4d22f&#8221; wd_collapsible_content_switcher=&#8221;no&#8221; wd_column_role_offcanvas_desktop=&#8221;no&#8221; wd_column_role_offcanvas_tablet=&#8221;no&#8221; wd_column_role_offcanvas_mobile=&#8221;no&#8221; wd_column_role_content_desktop=&#8221;no&#8221; wd_column_role_content_tablet=&#8221;no&#8221; wd_column_role_content_mobile=&#8221;no&#8221; woodmart_box_shadow=&#8221;no&#8221; responsive_spacing=&#8221;eyJwYXJhbV90eXBlIjoid29vZG1hcnRfcmVzcG9uc2l2ZV9zcGFjaW5nIiwic2VsZWN0b3JfaWQiOiI2OTA5ZTVkZDRkMjJmIiwic2hvcnRjb2RlIjoidmNfY29sdW1uIiwiZGF0YSI6eyJ0YWJsZXQiOnt9LCJtb2JpbGUiOnt9fX0=&#8221; wd_z_index=&#8221;no&#8221;][vc_single_image image=&#8221;8264&#8243; img_size=&#8221;full&#8221; alignment=&#8221;center&#8221; onclick=&#8221;custom_link&#8221; css_animation=&#8221;fadeIn&#8221; css=&#8221;.vc_custom_1695639201969{border-top-width: 2px !important;border-right-width: 2px !important;border-bottom-width: 2px !important;border-left-width: 2px !important;border-left-color: #ffffff !important;border-left-style: solid !important;border-right-color: #ffffff !important;border-right-style: solid !important;border-top-color: #ffffff !important;border-top-style: solid !important;border-bottom-color: #ffffff !important;border-bottom-style: solid !important;}&#8221; el_class=&#8221;cos-boxshadow&#8221; parallax_scroll=&#8221;no&#8221; link=&#8221;https:\/\/colors-of-sun.de\/en\/room-atmospheres\/energy-pictures-for-therapists\/&#8221; woodmart_inline=&#8221;no&#8221;][vc_custom_heading text=&#8221;Energy pictures for Therapists&#8221; font_container=&#8221;tag:h2|text_align:center&#8221; use_theme_fonts=&#8221;yes&#8221; css_animation=&#8221;fadeIn&#8221; css=&#8221;&#8221; el_class=&#8221;raumatmosphaeren&#8221; link=&#8221;url:https%3A%2F%2Fcolors-of-sun.de%2Fen%2Froom-atmospheres%2Fenergy-pictures-for-therapists%2F|title:Energiebilder%20f%C3%BCr%20Therapiepraxen|&#8221;]<div id=\"wd-6909e66816607\" class=\" wd-rs-6909e66816607  wd-button-wrapper wd-off-anim wpb_animate_when_almost_visible wpb_fadeInUp fadeInUp wd-anim-name_fadeInUp text-center inline-element\"><a href=\"https:\/\/colors-of-sun.de\/en\/room-atmospheres\/energy-pictures-for-therapists\/\" title=\"Energiebilder f\u00fcr Therapiepraxen\" class=\"btn btn-color-primary btn-style-default btn-shape-semi-round btn-size-small\">More Info<\/a><\/div>[\/vc_column][vc_column width=&#8221;1\/2&#8243; horizontal_alignment=&#8221;eyJkZXZpY2VzIjp7ImRlc2t0b3AiOnsidmFsdWUiOiJjZW50ZXIifSwidGFibGV0Ijp7InZhbHVlIjoiIn0sIm1vYmlsZSI6eyJ2YWx1ZSI6IiJ9fX0=&#8221; css=&#8221;.vc_custom_1762256369354{margin-bottom: 40px !important;}&#8221; mobile_bg_img_hidden=&#8221;no&#8221; tablet_bg_img_hidden=&#8221;no&#8221; woodmart_parallax=&#8221;0&#8243; woodmart_sticky_column=&#8221;false&#8221; parallax_scroll=&#8221;no&#8221; mobile_reset_margin=&#8221;no&#8221; tablet_reset_margin=&#8221;no&#8221; woodmart_css_id=&#8221;6909e5ee04a11&#8243; wd_collapsible_content_switcher=&#8221;no&#8221; wd_column_role_offcanvas_desktop=&#8221;no&#8221; wd_column_role_offcanvas_tablet=&#8221;no&#8221; wd_column_role_offcanvas_mobile=&#8221;no&#8221; wd_column_role_content_desktop=&#8221;no&#8221; wd_column_role_content_tablet=&#8221;no&#8221; wd_column_role_content_mobile=&#8221;no&#8221; woodmart_box_shadow=&#8221;no&#8221; responsive_spacing=&#8221;eyJwYXJhbV90eXBlIjoid29vZG1hcnRfcmVzcG9uc2l2ZV9zcGFjaW5nIiwic2VsZWN0b3JfaWQiOiI2OTA5ZTVlZTA0YTExIiwic2hvcnRjb2RlIjoidmNfY29sdW1uIiwiZGF0YSI6eyJ0YWJsZXQiOnt9LCJtb2JpbGUiOnt9fX0=&#8221; wd_z_index=&#8221;no&#8221;][vc_single_image image=&#8221;8260&#8243; img_size=&#8221;926&#215;617&#8243; alignment=&#8221;center&#8221; onclick=&#8221;custom_link&#8221; css_animation=&#8221;fadeIn&#8221; css=&#8221;.vc_custom_1695639188931{border-top-width: 2px !important;border-right-width: 2px !important;border-bottom-width: 2px !important;border-left-width: 2px !important;border-left-color: #ffffff !important;border-left-style: solid !important;border-right-color: #ffffff !important;border-right-style: solid !important;border-top-color: #ffffff !important;border-top-style: solid !important;border-bottom-color: #ffffff !important;border-bottom-style: solid !important;}&#8221; el_class=&#8221;cos-boxshadow&#8221; parallax_scroll=&#8221;no&#8221; link=&#8221;https:\/\/colors-of-sun.de\/en\/room-atmospheres\/murals-for-medical-practice\/&#8221; woodmart_inline=&#8221;no&#8221;][vc_custom_heading text=&#8221;Wall Pictures for Medicals and Medial Center&#8221; font_container=&#8221;tag:h2|text_align:center&#8221; use_theme_fonts=&#8221;yes&#8221; css_animation=&#8221;fadeIn&#8221; css=&#8221;&#8221; el_class=&#8221;raumatmosphaeren&#8221; link=&#8221;url:https%3A%2F%2Fcolors-of-sun.de%2Fen%2Froom-atmospheres%2Fmurals-for-medical-practice%2F|title:Fotokunst%20f%C3%BCr%20Arztpraxen|&#8221;]<div id=\"wd-6909e671dfd09\" class=\" wd-rs-6909e671dfd09  wd-button-wrapper wd-off-anim wpb_animate_when_almost_visible wpb_fadeInUp fadeInUp wd-anim-name_fadeInUp text-center inline-element\"><a href=\"https:\/\/colors-of-sun.de\/en\/room-atmospheres\/murals-for-medical-practice\/\" title=\"Fotokunst f\u00fcr Arztpraxen\" class=\"btn btn-color-primary btn-style-default btn-shape-semi-round btn-size-small\">More Info<\/a><\/div>[\/vc_column][\/vc_row]<\/p>\n<\/div>","protected":false},"excerpt":{"rendered":"<p>[vc_row full_width=&#8221;stretch_row&#8221; mobile_bg_img_hidden=&#8221;no&#8221; tablet_bg_img_hidden=&#8221;no&#8221; woodmart_parallax=&#8221;0&#8243; woodmart_gradient_switch=&#8221;no&#8221; row_reverse_mobile=&#8221;0&#8243; row_reverse_tablet=&#8221;0&#8243; woodmart_disable_overflow=&#8221;0&#8243; css=&#8221;.vc_custom_1584709437261{margin-bottom: 40px !important;padding-top: 80px !important;}&#8221; el_id=&#8221;galerie&#8221; el_class=&#8221;cos-margin-reset&#8221;][vc_column][vc_custom_heading text=&#8221;Touching room atmospheres through<\/p>\n","protected":false},"author":1,"featured_media":0,"parent":0,"menu_order":0,"comment_status":"closed","ping_status":"closed","template":"","meta":{"slim_seo":{"description":"Colors Of Sun diese Kunst ist f\u00fcr Menschen die ihre R\u00e4ume bewusst mit Licht und Farbe gestalten wollen und mehr Lebensqualit\u00e4t erleben m\u00f6chten. Erh\u00e4ltlich als Leinwandbilder oder Acrylglasbilder.","title":"Room Atmospheres - COLORS OF SUN"},"footnotes":""},"class_list":["post-2164","page","type-page","status-publish","hentry"],"_links":{"self":[{"href":"https:\/\/colors-of-sun.de\/en\/wp-json\/wp\/v2\/pages\/2164","targetHints":{"allow":["GET"]}}],"collection":[{"href":"https:\/\/colors-of-sun.de\/en\/wp-json\/wp\/v2\/pages"}],"about":[{"href":"https:\/\/colors-of-sun.de\/en\/wp-json\/wp\/v2\/types\/page"}],"author":[{"embeddable":true,"href":"https:\/\/colors-of-sun.de\/en\/wp-json\/wp\/v2\/users\/1"}],"replies":[{"embeddable":true,"href":"https:\/\/colors-of-sun.de\/en\/wp-json\/wp\/v2\/comments?post=2164"}],"version-history":[{"count":0,"href":"https:\/\/colors-of-sun.de\/en\/wp-json\/wp\/v2\/pages\/2164\/revisions"}],"wp:attachment":[{"href":"https:\/\/colors-of-sun.de\/en\/wp-json\/wp\/v2\/media?parent=2164"}],"curies":[{"name":"wp","href":"https:\/\/api.w.org\/{rel}","templated":true}]}}