{"id":1983,"date":"2020-03-14T14:32:06","date_gmt":"2020-03-14T14:32:06","guid":{"rendered":"https:\/\/colors-of-sun.schopphoven.dev\/energy-pictures-for-therapists\/"},"modified":"2026-01-30T17:09:23","modified_gmt":"2026-01-30T16:09:23","slug":"energy-pictures-for-therapists","status":"publish","type":"page","link":"https:\/\/colors-of-sun.de\/en\/room-atmospheres\/energy-pictures-for-therapists\/","title":{"rendered":"Energy pictures for therapists"},"content":{"rendered":"<div class=\"wpb-content-wrapper\"><p>[vc_row full_width=&#8221;stretch_row&#8221; equal_height=&#8221;yes&#8221; content_placement=&#8221;bottom&#8221; ts_equalize_columns=&#8221;true&#8221; ts_equalize_align=&#8221;bottom&#8221; mobile_bg_img_hidden=&#8221;no&#8221; tablet_bg_img_hidden=&#8221;no&#8221; woodmart_parallax=&#8221;0&#8243; woodmart_gradient_switch=&#8221;no&#8221; row_reverse_mobile=&#8221;1&#8243; row_reverse_tablet=&#8221;0&#8243; woodmart_disable_overflow=&#8221;0&#8243; css=&#8221;.vc_custom_1584709897844{margin-bottom: 40px !important;}&#8221; el_id=&#8221;heilpraktiker&#8221;][vc_column width=&#8221;1\/4&#8243; woodmart_bg_position=&#8221;right-top&#8221; mobile_bg_img_hidden=&#8221;no&#8221; tablet_bg_img_hidden=&#8221;no&#8221; woodmart_parallax=&#8221;0&#8243; woodmart_sticky_column=&#8221;false&#8221; parallax_scroll=&#8221;no&#8221; mobile_reset_margin=&#8221;no&#8221; tablet_reset_margin=&#8221;no&#8221;][vc_custom_heading text=&#8221;Murals for alternative Practitioners&#8221; font_container=&#8221;tag:div|text_align:left&#8221; use_theme_fonts=&#8221;yes&#8221; css_animation=&#8221;fadeIn&#8221; el_class=&#8221;cos-subline&#8221;][vc_custom_heading text=&#8221;Energy pictures for therapists&#8221; font_container=&#8221;tag:h1|text_align:left&#8221; use_theme_fonts=&#8221;yes&#8221; css_animation=&#8221;fadeIn&#8221; el_class=&#8221;cos-h1&#8243;][\/vc_column][vc_column width=&#8221;3\/4&#8243; css=&#8221;.vc_custom_1695642697941{border-top-width: 2px !important;border-right-width: 2px !important;border-bottom-width: 2px !important;border-left-width: 2px !important;background-image: url(https:\/\/colors-of-sun.de\/wp-content\/uploads\/2023\/09\/wandbilder-wartezimmer.jpg?id=8263) !important;background-position: center !important;background-repeat: no-repeat !important;background-size: cover !important;border-left-color: #ffffff !important;border-left-style: solid !important;border-right-color: #ffffff !important;border-right-style: solid !important;border-top-color: #ffffff !important;border-top-style: solid !important;border-bottom-color: #ffffff !important;border-bottom-style: solid !important;}&#8221; mobile_bg_img_hidden=&#8221;no&#8221; tablet_bg_img_hidden=&#8221;no&#8221; woodmart_parallax=&#8221;0&#8243; woodmart_sticky_column=&#8221;false&#8221; parallax_scroll=&#8221;no&#8221; mobile_reset_margin=&#8221;no&#8221; tablet_reset_margin=&#8221;no&#8221; el_class=&#8221;cos-boxshadow image-spacer&#8221; woodmart_css_id=&#8221;6511744526183&#8243; wd_collapsible_content_switcher=&#8221;no&#8221; wd_column_role_offcanvas_desktop=&#8221;no&#8221; wd_column_role_offcanvas_tablet=&#8221;no&#8221; wd_column_role_offcanvas_mobile=&#8221;no&#8221; wd_column_role_content_desktop=&#8221;no&#8221; wd_column_role_content_tablet=&#8221;no&#8221; wd_column_role_content_mobile=&#8221;no&#8221; woodmart_box_shadow=&#8221;no&#8221; responsive_spacing=&#8221;eyJwYXJhbV90eXBlIjoid29vZG1hcnRfcmVzcG9uc2l2ZV9zcGFjaW5nIiwic2VsZWN0b3JfaWQiOiI2NTExNzQ0NTI2MTgzIiwic2hvcnRjb2RlIjoidmNfY29sdW1uIiwiZGF0YSI6eyJ0YWJsZXQiOnt9LCJtb2JpbGUiOnt9fX0=&#8221; wd_z_index=&#8221;no&#8221;][\/vc_column][\/vc_row][vc_row full_width=&#8221;stretch_row&#8221; equal_height=&#8221;yes&#8221; mobile_bg_img_hidden=&#8221;no&#8221; tablet_bg_img_hidden=&#8221;no&#8221; woodmart_parallax=&#8221;0&#8243; woodmart_gradient_switch=&#8221;no&#8221; row_reverse_mobile=&#8221;0&#8243; row_reverse_tablet=&#8221;0&#8243; woodmart_disable_overflow=&#8221;0&#8243; css=&#8221;.vc_custom_1584709902277{margin-bottom: 40px !important;}&#8221;][vc_column width=&#8221;1\/3&#8243; mobile_bg_img_hidden=&#8221;no&#8221; tablet_bg_img_hidden=&#8221;no&#8221; woodmart_parallax=&#8221;0&#8243; woodmart_sticky_column=&#8221;false&#8221; parallax_scroll=&#8221;no&#8221; mobile_reset_margin=&#8221;no&#8221; tablet_reset_margin=&#8221;no&#8221;][vc_column_text css_animation=&#8221;fadeIn&#8221; css=&#8221;&#8221; text_larger=&#8221;no&#8221; el_class=&#8221;cos-content&#8221; woodmart_inline=&#8221;no&#8221;]The Heilpraktiker is about the natural health of the person. The design of the room energy with the sun images fits wonderfully with the natural treatments. Nature and the sun represent the life energy for a source of strength. Rooms have an effect on the well-being of people.<\/p>\n<p>[\/vc_column_text][\/vc_column][vc_column width=&#8221;1\/3&#8243;][vc_column_text css_animation=&#8221;fadeIn&#8221; css=&#8221;&#8221; text_larger=&#8221;no&#8221; el_class=&#8221;cos-content&#8221; woodmart_inline=&#8221;no&#8221;]Designing spaces with light and colors of the sun, allows people to perceive and use this power and brightening for their mind. Arrange positive rooms for your practice. Use this photo art as motivational images for your team and as energy images for your customers. [\/vc_column_text][\/vc_column][vc_column width=&#8221;1\/3&#8243;][vc_column_text css_animation=&#8221;fadeIn&#8221; css=&#8221;&#8221; text_larger=&#8221;no&#8221; el_class=&#8221;cos-content&#8221; woodmart_inline=&#8221;no&#8221;]Take a look around our store to see if a sun picture could arouse your interest. The many designs of the pictures allow a suitable selection for your individual rooms.<\/p>\n<p>&nbsp;<\/p>\n<p>&nbsp;[\/vc_column_text]<div id=\"wd-697cd710346e9\" class=\" wd-rs-697cd710346e9  wd-button-wrapper wd-off-anim wpb_animate_when_almost_visible wpb_fadeInUp fadeInUp wd-anim-name_fadeInUp text-center inline-element\"><a href=\"\/en\/product-category\/canvas-pictures-with-shadow-gap-frame\/\" title=\"Canvas Pictures with Shadow Gap Frame for Therapists\" class=\"btn btn-color-alt btn-style-default btn-shape-rectangle btn-size-default cos-link-button\">Canvas Pictures with Shadow Gap Frame for Therapists<\/a><\/div>[\/vc_column][\/vc_row][vc_row full_width=&#8221;stretch_row&#8221; equal_height=&#8221;yes&#8221; content_placement=&#8221;bottom&#8221; mobile_bg_img_hidden=&#8221;no&#8221; tablet_bg_img_hidden=&#8221;no&#8221; woodmart_parallax=&#8221;0&#8243; woodmart_gradient_switch=&#8221;no&#8221; row_reverse_mobile=&#8221;1&#8243; row_reverse_tablet=&#8221;0&#8243; woodmart_disable_overflow=&#8221;0&#8243; css=&#8221;.vc_custom_1600946464365{margin-top: 80px !important;margin-bottom: 40px !important;}&#8221; el_id=&#8221;therapists&#8221;][vc_column width=&#8221;1\/4&#8243; mobile_bg_img_hidden=&#8221;no&#8221; tablet_bg_img_hidden=&#8221;no&#8221; woodmart_parallax=&#8221;0&#8243; woodmart_sticky_column=&#8221;false&#8221; parallax_scroll=&#8221;no&#8221; mobile_reset_margin=&#8221;no&#8221; tablet_reset_margin=&#8221;no&#8221;][vc_custom_heading text=&#8221;Photographic Art in Health Consultation&#8221; font_container=&#8221;tag:div|text_align:left&#8221; use_theme_fonts=&#8221;yes&#8221; css_animation=&#8221;fadeIn&#8221; el_class=&#8221;cos-subline&#8221;][vc_custom_heading text=&#8221;Energy pictures for therapists&#8221; use_theme_fonts=&#8221;yes&#8221; css_animation=&#8221;fadeIn&#8221; el_class=&#8221;cos-h2&#8243;][\/vc_column][vc_column width=&#8221;3\/4&#8243; parallax_scroll=&#8221;no&#8221; css=&#8221;.vc_custom_1600946455325{border-top-width: 2px !important;border-right-width: 2px !important;border-bottom-width: 2px !important;border-left-width: 2px !important;background-image: url(https:\/\/colors-of-sun.de\/wp-content\/uploads\/2020\/03\/energiebilder-therapeuten.jpg?id=1444) !important;background-position: center !important;background-repeat: no-repeat !important;background-size: cover !important;border-left-color: #ffffff !important;border-left-style: solid !important;border-right-color: #ffffff !important;border-right-style: solid !important;border-top-color: #ffffff !important;border-top-style: solid !important;border-bottom-color: #ffffff !important;border-bottom-style: solid !important;}&#8221; mobile_bg_img_hidden=&#8221;no&#8221; tablet_bg_img_hidden=&#8221;no&#8221; woodmart_parallax=&#8221;0&#8243; woodmart_sticky_column=&#8221;false&#8221; mobile_reset_margin=&#8221;no&#8221; tablet_reset_margin=&#8221;no&#8221; el_class=&#8221;cos-boxshadow image-spacer&#8221;][\/vc_column][\/vc_row][vc_row full_width=&#8221;stretch_row&#8221; equal_height=&#8221;yes&#8221; css=&#8221;.vc_custom_1584709913199{margin-bottom: 40px !important;}&#8221; mobile_bg_img_hidden=&#8221;no&#8221; tablet_bg_img_hidden=&#8221;no&#8221; woodmart_parallax=&#8221;0&#8243; woodmart_gradient_switch=&#8221;no&#8221; row_reverse_mobile=&#8221;0&#8243; row_reverse_tablet=&#8221;0&#8243; woodmart_disable_overflow=&#8221;0&#8243;][vc_column width=&#8221;1\/3&#8243;][vc_column_text css_animation=&#8221;fadeIn&#8221; css=&#8221;&#8221; text_larger=&#8221;no&#8221; el_class=&#8221;cos-content&#8221; woodmart_inline=&#8221;no&#8221;]COLORS OF SUN will transform the waiting area of your practice into a relaxed space. In this positive room atmosphere with the sun pictures, people can prepare themselves for the following conversations with joy. Rooms have an effect on people&#8217;s thoughts and feelings. [\/vc_column_text][\/vc_column][vc_column width=&#8221;1\/3&#8243;][vc_column_text css_animation=&#8221;fadeIn&#8221; css=&#8221;&#8221; text_larger=&#8221;no&#8221; el_class=&#8221;cos-content&#8221; woodmart_inline=&#8221;no&#8221;]The design of rooms with light and color enables patients to perceive a good room atmosphere and to relax. Become a part of these beneficial, harmonious effects.<\/p>\n<p>&nbsp;<\/p>\n<p>[\/vc_column_text][\/vc_column][vc_column width=&#8221;1\/3&#8243;][vc_column_text css_animation=&#8221;fadeIn&#8221; css=&#8221;&#8221; text_larger=&#8221;no&#8221; el_class=&#8221;cos-content&#8221; woodmart_inline=&#8221;no&#8221;]Take a moment to browse through our wide range of products in the store. Let the sun pictures work their magic on you, this soothing, harmonious photographic art.<\/p>\n<p>[\/vc_column_text]<div id=\"wd-697cd76b2194c\" class=\" wd-rs-697cd76b2194c  wd-button-wrapper wd-off-anim wpb_animate_when_almost_visible wpb_fadeInUp fadeInUp wd-anim-name_fadeInUp text-center inline-element\"><a href=\"\/en\/product-category\/acrylic-picture\/\" title=\"Acrylic picture therapy practices\" class=\"btn btn-color-primary btn-style-default btn-shape-rectangle btn-size-default cos-link-button\">Acrylic picture therapy practices<\/a><\/div><div id=\"wd-697cd77088601\" class=\" wd-rs-697cd77088601  wd-button-wrapper wd-off-anim wpb_animate_when_almost_visible wpb_fadeInUp fadeInUp wd-anim-name_fadeInUp text-center inline-element\"><a href=\"\/en\/product-category\/canvas-picture\/\" title=\"Canvas pictures for Therapy Practices\" class=\"btn btn-color-alt btn-style-default btn-shape-rectangle btn-size-default cos-link-button\">Canvas pictures for Therapy Practices<\/a><\/div>[\/vc_column][\/vc_row][vc_row full_width=&#8221;stretch_row&#8221; equal_height=&#8221;yes&#8221; content_placement=&#8221;bottom&#8221; ts_equalize_columns=&#8221;true&#8221; ts_equalize_align=&#8221;bottom&#8221; mobile_bg_img_hidden=&#8221;no&#8221; tablet_bg_img_hidden=&#8221;no&#8221; woodmart_parallax=&#8221;0&#8243; woodmart_gradient_switch=&#8221;no&#8221; row_reverse_mobile=&#8221;1&#8243; row_reverse_tablet=&#8221;0&#8243; woodmart_disable_overflow=&#8221;0&#8243; css=&#8221;.vc_custom_1600946493732{margin-top: 80px !important;margin-bottom: 40px !important;}&#8221; el_id=&#8221;Card Box&#8221;][vc_column width=&#8221;1\/4&#8243; woodmart_bg_position=&#8221;right-top&#8221; mobile_bg_img_hidden=&#8221;no&#8221; tablet_bg_img_hidden=&#8221;no&#8221; woodmart_parallax=&#8221;0&#8243; woodmart_sticky_column=&#8221;false&#8221; parallax_scroll=&#8221;no&#8221; mobile_reset_margin=&#8221;no&#8221; tablet_reset_margin=&#8221;no&#8221;][vc_custom_heading text=&#8221;For your desk&#8221; font_container=&#8221;tag:div|text_align:left&#8221; use_theme_fonts=&#8221;yes&#8221; css_animation=&#8221;fadeIn&#8221; el_class=&#8221;cos-subline&#8221;][vc_custom_heading text=&#8221;Card Box with Acrylic Stand&#8221; use_theme_fonts=&#8221;yes&#8221; css_animation=&#8221;fadeIn&#8221; el_class=&#8221;cos-h2&#8243;][\/vc_column][vc_column width=&#8221;3\/4&#8243; css=&#8221;.vc_custom_1600946480110{border-top-width: 2px !important;border-right-width: 2px !important;border-bottom-width: 2px !important;border-left-width: 2px !important;background-image: url(https:\/\/colors-of-sun.de\/wp-content\/uploads\/2020\/05\/my-card-acrylstaender.jpg?id=4608) !important;background-position: center !important;background-repeat: no-repeat !important;background-size: cover !important;border-left-color: #ffffff !important;border-left-style: solid !important;border-right-color: #ffffff !important;border-right-style: solid !important;border-top-color: #ffffff !important;border-top-style: solid !important;border-bottom-color: #ffffff !important;border-bottom-style: solid !important;}&#8221; mobile_bg_img_hidden=&#8221;no&#8221; tablet_bg_img_hidden=&#8221;no&#8221; woodmart_parallax=&#8221;0&#8243; woodmart_sticky_column=&#8221;false&#8221; parallax_scroll=&#8221;no&#8221; mobile_reset_margin=&#8221;no&#8221; tablet_reset_margin=&#8221;no&#8221; el_class=&#8221;cos-boxshadow image-spacer&#8221;][\/vc_column][\/vc_row][vc_row full_width=&#8221;stretch_row&#8221; mobile_bg_img_hidden=&#8221;no&#8221; tablet_bg_img_hidden=&#8221;no&#8221; woodmart_parallax=&#8221;0&#8243; woodmart_gradient_switch=&#8221;no&#8221; row_reverse_mobile=&#8221;0&#8243; row_reverse_tablet=&#8221;0&#8243; woodmart_disable_overflow=&#8221;0&#8243; css=&#8221;.vc_custom_1597476787498{margin-bottom: 40px !important;}&#8221;][vc_column width=&#8221;1\/3&#8243;][vc_column_text css_animation=&#8221;fadeIn&#8221; css=&#8221;&#8221; text_larger=&#8221;no&#8221; el_class=&#8221;cos-content&#8221; woodmart_inline=&#8221;no&#8221;]You can place the card box from COLORS OF SUN with the specially developed acrylic stand on your desk, for example. The card box contains all 34 motifs.[\/vc_column_text][\/vc_column][vc_column width=&#8221;1\/3&#8243;][vc_column_text css_animation=&#8221;fadeIn&#8221; css=&#8221;&#8221; text_larger=&#8221;no&#8221; el_class=&#8221;cos-content&#8221; woodmart_inline=&#8221;no&#8221;]The cards have a foil lamination and therefore have a luminous appearance. It is a small product with a big impact. The pleasure of being able to change the cards provides great inspiration.[\/vc_column_text][\/vc_column][vc_column width=&#8221;1\/3&#8243;][vc_column_text css_animation=&#8221;fadeIn&#8221; css=&#8221;&#8221; text_larger=&#8221;no&#8221; el_class=&#8221;cos-content&#8221; woodmart_inline=&#8221;no&#8221;]Consistently high manufacturing quality and craftsmanship are the hallmarks of all our COLORS OF SUN products. Perhaps take a little time to let this product have an effect on you in our store<\/p>\n<p>[\/vc_column_text]<div id=\"wd-697cd7a3847dd\" class=\" wd-rs-697cd7a3847dd  wd-button-wrapper text-center inline-element\"><a href=\"https:\/\/colors-of-sun.de\/en\/card-box\/\" title=\"Order Card Box\" class=\"btn btn-color-primary btn-style-default btn-shape-rectangle btn-size-default cos-link-button\">Order Card Box<\/a><\/div>[\/vc_column][\/vc_row]<\/p>\n<\/div>","protected":false},"excerpt":{"rendered":"<p>[vc_row full_width=&#8221;stretch_row&#8221; equal_height=&#8221;yes&#8221; content_placement=&#8221;bottom&#8221; ts_equalize_columns=&#8221;true&#8221; ts_equalize_align=&#8221;bottom&#8221; mobile_bg_img_hidden=&#8221;no&#8221; tablet_bg_img_hidden=&#8221;no&#8221; woodmart_parallax=&#8221;0&#8243; woodmart_gradient_switch=&#8221;no&#8221; row_reverse_mobile=&#8221;1&#8243; row_reverse_tablet=&#8221;0&#8243; woodmart_disable_overflow=&#8221;0&#8243; css=&#8221;.vc_custom_1584709897844{margin-bottom: 40px !important;}&#8221; el_id=&#8221;heilpraktiker&#8221;][vc_column width=&#8221;1\/4&#8243; woodmart_bg_position=&#8221;right-top&#8221; mobile_bg_img_hidden=&#8221;no&#8221;<\/p>\n","protected":false},"author":1,"featured_media":1445,"parent":2164,"menu_order":4,"comment_status":"closed","ping_status":"closed","template":"","meta":{"slim_seo":{"description":"Energiebilder f\u00fcr Therapiepraxen bilden im Wartebereich ihres Instituts eine ideale Unterst\u00fctzung, um sich auf neue lebensver\u00e4ndernde Gedanken einzulassen.","title":"Energy pictures for therapists - COLORS OF SUN"},"footnotes":""},"class_list":["post-1983","page","type-page","status-publish","has-post-thumbnail","hentry"],"_links":{"self":[{"href":"https:\/\/colors-of-sun.de\/en\/wp-json\/wp\/v2\/pages\/1983","targetHints":{"allow":["GET"]}}],"collection":[{"href":"https:\/\/colors-of-sun.de\/en\/wp-json\/wp\/v2\/pages"}],"about":[{"href":"https:\/\/colors-of-sun.de\/en\/wp-json\/wp\/v2\/types\/page"}],"author":[{"embeddable":true,"href":"https:\/\/colors-of-sun.de\/en\/wp-json\/wp\/v2\/users\/1"}],"replies":[{"embeddable":true,"href":"https:\/\/colors-of-sun.de\/en\/wp-json\/wp\/v2\/comments?post=1983"}],"version-history":[{"count":0,"href":"https:\/\/colors-of-sun.de\/en\/wp-json\/wp\/v2\/pages\/1983\/revisions"}],"up":[{"embeddable":true,"href":"https:\/\/colors-of-sun.de\/en\/wp-json\/wp\/v2\/pages\/2164"}],"wp:featuredmedia":[{"embeddable":true,"href":"https:\/\/colors-of-sun.de\/en\/wp-json\/wp\/v2\/media\/1445"}],"wp:attachment":[{"href":"https:\/\/colors-of-sun.de\/en\/wp-json\/wp\/v2\/media?parent=1983"}],"curies":[{"name":"wp","href":"https:\/\/api.w.org\/{rel}","templated":true}]}}